{"id":682,"date":"2024-03-15T14:31:18","date_gmt":"2024-03-15T13:31:18","guid":{"rendered":"https:\/\/termotecnica.com.co\/www\/?page_id=682"},"modified":"2024-10-28T10:39:39","modified_gmt":"2024-10-28T15:39:39","slug":"contactenos","status":"publish","type":"page","link":"https:\/\/termotecnica.com.co\/index.php\/contactenos\/","title":{"rendered":"Contactenos"},"content":{"rendered":"\n  \n    \n    <section class=\"u-carousel u-slide u-block-f4ae-1\" id=\"carousel-a584\" data-interval=\"5000\" data-u-ride=\"carousel\">\n      <ol class=\"u-absolute-hcenter u-carousel-indicators u-block-f4ae-2\">\n        <li data-u-target=\"#carousel-a584\" class=\"u-active u-grey-30\" data-u-slide-to=\"0\"><\/li>\n      <\/ol>\n      <div class=\"u-carousel-inner\" role=\"listbox\">\n        <div class=\"custom-expanded u-active u-align-center u-carousel-item u-clearfix u-image u-shading u-section-2-1\" data-image-width=\"5378\" data-image-height=\"3590\" style=\"background-image: linear-gradient(0deg, rgba(0, 0, 0, 0.6), rgba(0, 0, 0, 0.6)), url(&quot;https:\/\/termotecnica.com.co\/wp-content\/uploads\/2024\/10\/pexels-pavel-danilyuk-7658351-scaled.jpg&quot;);\">\n          <div class=\"u-clearfix u-sheet u-sheet-1\">\n            <h3 class=\"u-align-center u-text u-text-default u-text-1\">Cont\u00e1ctenos<\/h3>\n            <h4 class=\"u-align-center u-text u-text-default u-text-2\"> En Termotecnica trabajamos con pasi\u00f3n para brindarte la asesor\u00eda que necesitas, valoramos tus preguntas y estamos preparados para responderlas, \u00a1ponte en contacto con nosotros!<\/h4>\n          <\/div>\n        <\/div>\n      <\/div>\n      <a class=\"u-absolute-vcenter u-carousel-control u-carousel-control-prev u-hidden u-text-grey-30 u-block-f4ae-3\" href=\"#carousel-a584\" role=\"button\" data-u-slide=\"prev\">\n        <span aria-hidden=\"true\">\n          <svg class=\"u-svg-link\" viewBox=\"0 0 477.175 477.175\"><path d=\"M145.188,238.575l215.5-215.5c5.3-5.3,5.3-13.8,0-19.1s-13.8-5.3-19.1,0l-225.1,225.1c-5.3,5.3-5.3,13.8,0,19.1l225.1,225\n                    c2.6,2.6,6.1,4,9.5,4s6.9-1.3,9.5-4c5.3-5.3,5.3-13.8,0-19.1L145.188,238.575z\"><\/path><\/svg>\n        <\/span>\n        <span class=\"sr-only\">Previous<\/span>\n      <\/a>\n      <a class=\"u-absolute-vcenter u-carousel-control u-carousel-control-next u-hidden u-text-grey-30 u-block-f4ae-4\" href=\"#carousel-a584\" role=\"button\" data-u-slide=\"next\">\n        <span aria-hidden=\"true\">\n          <svg class=\"u-svg-link\" viewBox=\"0 0 477.175 477.175\"><path d=\"M360.731,229.075l-225.1-225.1c-5.3-5.3-13.8-5.3-19.1,0s-5.3,13.8,0,19.1l215.5,215.5l-215.5,215.5\n                    c-5.3,5.3-5.3,13.8,0,19.1c2.6,2.6,6.1,4,9.5,4c3.4,0,6.9-1.3,9.5-4l225.1-225.1C365.931,242.875,365.931,234.275,360.731,229.075z\"><\/path><\/svg>\n        <\/span>\n        <span class=\"sr-only\">Siguiente<\/span>\n      <\/a>\n    <\/section>\n    <section class=\"u-clearfix u-section-3\" id=\"sec-9277\">\n      <div class=\"u-clearfix u-sheet u-sheet-1\">\n        <div class=\"data-layout-selected u-clearfix u-expanded-width u-layout-wrap u-layout-wrap-1\">\n          <div class=\"u-layout\">\n            <div class=\"u-layout-row\">\n              <div class=\"u-container-style u-layout-cell u-size-30 u-layout-cell-1\">\n                <div class=\"u-container-layout u-container-layout-1\">\n                  <div class=\"u-shortcode u-shortcode-1\"><div class=\"wpforms-container wpforms-container-full\" id=\"wpforms-674\"><form id=\"wpforms-form-674\" class=\"wpforms-validate wpforms-form wpforms-ajax-form\" data-formid=\"674\" method=\"post\" enctype=\"multipart\/form-data\" action=\"\/index.php\/wp-json\/wp\/v2\/pages\/682\" data-token=\"d84a324baae0bc4bddeea8ec3292a23f\"><noscript class=\"wpforms-error-noscript\">Por favor, activa JavaScript en tu navegador para completar este formulario.<\/noscript><div class=\"wpforms-field-container\"><div id=\"wpforms-674-field_0-container\" class=\"wpforms-field wpforms-field-name\" data-field-id=\"0\"><label class=\"wpforms-field-label\" for=\"wpforms-674-field_0\">Nombre <span class=\"wpforms-required-label\">*<\/span><\/label><div class=\"wpforms-field-row wpforms-field-large\"><div class=\"wpforms-field-row-block wpforms-first wpforms-one-half\"><input type=\"text\" id=\"wpforms-674-field_0\" class=\"wpforms-field-name-first wpforms-field-required\" name=\"wpforms[fields][0][first]\" required><label for=\"wpforms-674-field_0\" class=\"wpforms-field-sublabel after \">Nombre<\/label><\/div><div class=\"wpforms-field-row-block wpforms-one-half\"><input type=\"text\" id=\"wpforms-674-field_0-last\" class=\"wpforms-field-name-last wpforms-field-required\" name=\"wpforms[fields][0][last]\" required><label for=\"wpforms-674-field_0-last\" class=\"wpforms-field-sublabel after \">Apellidos<\/label><\/div><\/div><\/div><div id=\"wpforms-674-field_3-container\" class=\"wpforms-field wpforms-field-layout\" data-field-id=\"3\"><label class=\"wpforms-field-label wpforms-label-hide\" for=\"wpforms-674-field_3\">Dise\u00f1o<\/label><div class=\"wpforms-field-layout-columns wpforms-field-layout-preset-50-50\"><div class=\"wpforms-layout-column wpforms-layout-column-50\"><div id=\"wpforms-674-field_1-container\" class=\"wpforms-field wpforms-field-email\" data-field-id=\"1\"><label class=\"wpforms-field-label\" for=\"wpforms-674-field_1\">Correo electr\u00f3nico <span class=\"wpforms-required-label\">*<\/span><\/label><input type=\"email\" id=\"wpforms-674-field_1\" class=\"wpforms-field-medium wpforms-field-required\" name=\"wpforms[fields][1]\" required><\/div><div id=\"wpforms-674-field_5-container\" class=\"wpforms-field wpforms-field-text\" data-field-id=\"5\"><label class=\"wpforms-field-label\" for=\"wpforms-674-field_5\">Compa\u00f1ia<\/label><input type=\"text\" id=\"wpforms-674-field_5\" class=\"wpforms-field-medium\" name=\"wpforms[fields][5]\" ><\/div><\/div><div class=\"wpforms-layout-column wpforms-layout-column-50\"><div id=\"wpforms-674-field_4-container\" class=\"wpforms-field wpforms-field-phone\" data-field-id=\"4\"><label class=\"wpforms-field-label\" for=\"wpforms-674-field_4\">Tel\u00e9fono<\/label><input type=\"tel\" id=\"wpforms-674-field_4\" class=\"wpforms-field-medium wpforms-smart-phone-field\" data-rule-smart-phone-field=\"true\" name=\"wpforms[fields][4]\" ><\/div><div id=\"wpforms-674-field_6-container\" class=\"wpforms-field wpforms-field-text\" data-field-id=\"6\"><label class=\"wpforms-field-label\" for=\"wpforms-674-field_6\">Pa\u00eds \/ Ciudad<\/label><input type=\"text\" id=\"wpforms-674-field_6\" class=\"wpforms-field-medium\" name=\"wpforms[fields][6]\" ><\/div><\/div><\/div><\/div><div id=\"wpforms-674-field_2-container\" class=\"wpforms-field wpforms-field-textarea\" data-field-id=\"2\"><label class=\"wpforms-field-label\" for=\"wpforms-674-field_2\">Descripci\u00f3n<\/label><textarea id=\"wpforms-674-field_2\" class=\"wpforms-field-medium\" name=\"wpforms[fields][2]\" ><\/textarea><\/div><div id=\"wpforms-674-field_8-container\" class=\"wpforms-field wpforms-field-checkbox\" data-field-id=\"8\"><label class=\"wpforms-field-label\" for=\"wpforms-674-field_8\">Por favor ind\u00edquenos como desea ser contactado<\/label><ul id=\"wpforms-674-field_8\"><li class=\"choice-1 depth-1\"><input type=\"checkbox\" id=\"wpforms-674-field_8_1\" name=\"wpforms[fields][8][]\" value=\"Tel\u00e9fono\"  ><label class=\"wpforms-field-label-inline\" for=\"wpforms-674-field_8_1\">Tel\u00e9fono<\/label><\/li><li class=\"choice-2 depth-1\"><input type=\"checkbox\" id=\"wpforms-674-field_8_2\" name=\"wpforms[fields][8][]\" value=\"Correo electr\u00f3nico\"  ><label class=\"wpforms-field-label-inline\" for=\"wpforms-674-field_8_2\">Correo electr\u00f3nico<\/label><\/li><\/ul><\/div><div id=\"wpforms-674-field_10-container\" class=\"wpforms-field wpforms-field-checkbox\" data-field-id=\"10\"><label class=\"wpforms-field-label\" for=\"wpforms-674-field_10\">Autorizaci\u00f3n para el tratamiento de datos personales <span class=\"wpforms-required-label\">*<\/span><\/label><ul id=\"wpforms-674-field_10\" class=\"wpforms-field-required\"><li class=\"choice-1 depth-1\"><input type=\"checkbox\" id=\"wpforms-674-field_10_1\" name=\"wpforms[fields][10][]\" value=\"Acepto\" required ><label class=\"wpforms-field-label-inline\" for=\"wpforms-674-field_10_1\">Acepto<\/label><\/li><\/ul><div class=\"wpforms-field-description\">Antes de enviar la solicitud, agradecemos su autorizaci\u00f3n para el tratamiento de datos personales suministrados en el registro anterior, esto con la finalidad de dar respuesta a su requerimiento. Dichos datos ser\u00e1n gestionados, siendo tratados de manera confidencial y segura conforme a las normas vigentes y a la Pol\u00edtica de protecci\u00f3n de datos.<\/div><\/div><div id=\"wpforms-674-field_18-container\" class=\"wpforms-field wpforms-field-html\" data-field-id=\"18\"><div id=\"wpforms-674-field_18\"><h6><p><a href=\"https:\/\/termotecnica.com.co\/wp-content\/uploads\/2024\/10\/AVISO-DE-PRIVACIDAD-TERMOTECNICA.pdf\" target=\"_blank\">Ver Aviso de Privacidad<\/a><\/p><\/h6><\/div><\/div><\/div><div class=\"wpforms-recaptcha-container wpforms-is-recaptcha\"><div class=\"g-recaptcha\" data-sitekey=\"6LelBZopAAAAAEtBFOGom1IXNcq0eUFB21bduN1d\"><\/div><input type=\"text\" name=\"g-recaptcha-hidden\" class=\"wpforms-recaptcha-hidden\" style=\"position:absolute!important;clip:rect(0,0,0,0)!important;height:1px!important;width:1px!important;border:0!important;overflow:hidden!important;padding:0!important;margin:0!important;\" required><\/div><div class=\"wpforms-submit-container\"><input type=\"hidden\" name=\"wpforms[id]\" value=\"674\"><input type=\"hidden\" name=\"wpforms[author]\" value=\"1\"><button type=\"submit\" name=\"wpforms[submit]\" id=\"wpforms-submit-674\" class=\"wpforms-submit\" data-alt-text=\"Enviando...\" data-submit-text=\"Enviar\" aria-live=\"assertive\" value=\"wpforms-submit\">Enviar<\/button><img loading=\"lazy\" decoding=\"async\" src=\"https:\/\/termotecnica.com.co\/wp-content\/plugins\/wpforms\/assets\/images\/submit-spin.svg\" class=\"wpforms-submit-spinner\" style=\"display: none;\" width=\"26\" height=\"26\" alt=\"Cargando\"><\/div><\/form><\/div>  <!-- .wpforms-container --><\/div>\n                <\/div>\n              <\/div>\n              <div class=\"u-container-style u-layout-cell u-size-30 u-layout-cell-2\">\n                <div class=\"u-container-layout u-container-layout-2\">\n                  <p class=\"u-text u-text-default u-text-1\"><span class=\"u-icon\"><svg class=\"u-svg-content\" viewBox=\"0 0 54.757 54.757\" x=\"0px\" y=\"0px\" style=\"width: 1em; height: 1em;\"><g><path d=\"M27.557,12c-3.859,0-7,3.141-7,7s3.141,7,7,7s7-3.141,7-7S31.416,12,27.557,12z M27.557,24c-2.757,0-5-2.243-5-5\n\t\ts2.243-5,5-5s5,2.243,5,5S30.314,24,27.557,24z\"><\/path><path d=\"M40.94,5.617C37.318,1.995,32.502,0,27.38,0c-5.123,0-9.938,1.995-13.56,5.617c-6.703,6.702-7.536,19.312-1.804,26.952\n\t\tL27.38,54.757L42.721,32.6C48.476,24.929,47.643,12.319,40.94,5.617z M41.099,31.431L27.38,51.243L13.639,31.4\n\t\tC8.44,24.468,9.185,13.08,15.235,7.031C18.479,3.787,22.792,2,27.38,2s8.901,1.787,12.146,5.031\n\t\tC45.576,13.08,46.321,24.468,41.099,31.431z\"><\/path>\n<\/g><\/svg><\/span> CALLE 100 N\u00b0 9 A - 45 TORRE 2 Of 501\n                  <\/p>\n                  <a href=\"https:\/\/nicepage.com\/k\/prescription-medicine-html-templates\" class=\"u-active-none u-btn u-btn-rectangle u-button-style u-hover-none u-none u-btn-1\"><span class=\"u-file-icon u-icon u-white u-icon-2\"><img decoding=\"async\" src=\"https:\/\/termotecnica.com.co\/wp-content\/uploads\/2024\/03\/4801092-2.png\" alt=\"\"><\/span> &nbsp; 601 650 7777\n                  <\/a>\n                  <p class=\"u-text u-text-default u-text-2\"><span class=\"u-file-icon u-icon\"><img decoding=\"async\" src=\"https:\/\/termotecnica.com.co\/wp-content\/uploads\/2024\/03\/542638.png\" alt=\"\"><\/span> &nbsp; contactenos@termotecnica.com.co\n                  <\/p>\n                  <p class=\"u-text u-text-default u-text-3\"><span class=\"u-file-icon u-icon\"><img decoding=\"async\" src=\"https:\/\/termotecnica.com.co\/wp-content\/uploads\/2024\/03\/814587.png\" alt=\"\"><\/span> &nbsp; www.termotecnica.com.co\n                  <\/p>\n                <\/div>\n              <\/div>\n            <\/div>\n          <\/div>\n        <\/div>\n      <\/div>\n    <\/section>\n    \n    \n    \n  \n","protected":false},"excerpt":{"rendered":"<p>Cont\u00e1ctenos En Termotecnica trabajamos con pasi\u00f3n para brindarte la asesor\u00eda que necesitas, valoramos tus preguntas y estamos preparados para responderlas, \u00a1ponte en contacto con nosotros! Previous Siguiente Por favor, activa JavaScript en tu navegador para completar este formulario.Nombre *NombreApellidosDise\u00f1oCorreo electr\u00f3nico *Compa\u00f1iaTel\u00e9fonoPa\u00eds \/ CiudadDescripci\u00f3nPor favor ind\u00edquenos como desea ser contactadoTel\u00e9fonoCorreo electr\u00f3nicoAutorizaci\u00f3n para el tratamiento de datos &hellip; <a href=\"https:\/\/termotecnica.com.co\/index.php\/contactenos\/\" class=\"more-link\">Continue reading<span class=\"screen-reader-text\"> \u00abContactenos\u00bb<\/span><\/a><\/p>\n","protected":false},"author":1,"featured_media":0,"parent":0,"menu_order":0,"comment_status":"closed","ping_status":"closed","template":"","meta":{"footnotes":""},"_links":{"self":[{"href":"https:\/\/termotecnica.com.co\/index.php\/wp-json\/wp\/v2\/pages\/682"}],"collection":[{"href":"https:\/\/termotecnica.com.co\/index.php\/wp-json\/wp\/v2\/pages"}],"about":[{"href":"https:\/\/termotecnica.com.co\/index.php\/wp-json\/wp\/v2\/types\/page"}],"author":[{"embeddable":true,"href":"https:\/\/termotecnica.com.co\/index.php\/wp-json\/wp\/v2\/users\/1"}],"replies":[{"embeddable":true,"href":"https:\/\/termotecnica.com.co\/index.php\/wp-json\/wp\/v2\/comments?post=682"}],"version-history":[{"count":12,"href":"https:\/\/termotecnica.com.co\/index.php\/wp-json\/wp\/v2\/pages\/682\/revisions"}],"predecessor-version":[{"id":1574,"href":"https:\/\/termotecnica.com.co\/index.php\/wp-json\/wp\/v2\/pages\/682\/revisions\/1574"}],"wp:attachment":[{"href":"https:\/\/termotecnica.com.co\/index.php\/wp-json\/wp\/v2\/media?parent=682"}],"curies":[{"name":"wp","href":"https:\/\/api.w.org\/{rel}","templated":true}]}}