{"id":609,"date":"2024-03-15T12:56:37","date_gmt":"2024-03-15T11:56:37","guid":{"rendered":"https:\/\/termotecnica.com.co\/www\/?page_id=609"},"modified":"2025-01-30T20:11:27","modified_gmt":"2025-01-31T01:11:27","slug":"certificaciones-2","status":"publish","type":"page","link":"https:\/\/termotecnica.com.co\/index.php\/certificaciones-2\/","title":{"rendered":"Certificaciones"},"content":{"rendered":"\n  \n    \n    <section class=\"u-carousel u-slide u-block-b59e-1\" id=\"carousel-d269\" data-interval=\"5000\" data-u-ride=\"carousel\">\n      <ol class=\"u-absolute-hcenter u-carousel-indicators u-hidden u-block-b59e-2\">\n        <li data-u-target=\"#carousel-d269\" class=\"u-active u-grey-30\" data-u-slide-to=\"0\"><\/li>\n      <\/ol>\n      <div class=\"u-carousel-inner\" role=\"listbox\">\n        <div class=\"custom-expanded u-active u-align-center u-carousel-item u-clearfix u-image u-shading u-section-2-1\" data-image-width=\"1140\" data-image-height=\"760\" style=\"background-image: linear-gradient(0deg, rgba(0, 0, 0, 0.7), rgba(0, 0, 0, 0.7)), url(&quot;https:\/\/termotecnica.com.co\/wp-content\/uploads\/2024\/02\/person-near-alternative-energy-p.jpg&quot;);\">\n          <div class=\"u-clearfix u-sheet u-valign-middle u-sheet-1\">\n            <h3 class=\"u-align-center u-text u-text-default u-text-1\">Certificaciones<\/h3>\n          <\/div>\n        <\/div>\n      <\/div>\n      <a class=\"u-absolute-vcenter u-carousel-control u-carousel-control-prev u-hidden u-text-grey-30 u-block-b59e-3\" href=\"#carousel-d269\" role=\"button\" data-u-slide=\"prev\">\n        <span aria-hidden=\"true\">\n          <svg class=\"u-svg-link\" viewBox=\"0 0 477.175 477.175\"><path d=\"M145.188,238.575l215.5-215.5c5.3-5.3,5.3-13.8,0-19.1s-13.8-5.3-19.1,0l-225.1,225.1c-5.3,5.3-5.3,13.8,0,19.1l225.1,225\n                    c2.6,2.6,6.1,4,9.5,4s6.9-1.3,9.5-4c5.3-5.3,5.3-13.8,0-19.1L145.188,238.575z\"><\/path><\/svg>\n        <\/span>\n        <span class=\"sr-only\">Previous<\/span>\n      <\/a>\n      <a class=\"u-absolute-vcenter u-carousel-control u-carousel-control-next u-hidden u-text-grey-30 u-block-b59e-4\" href=\"#carousel-d269\" role=\"button\" data-u-slide=\"next\">\n        <span aria-hidden=\"true\">\n          <svg class=\"u-svg-link\" viewBox=\"0 0 477.175 477.175\"><path d=\"M360.731,229.075l-225.1-225.1c-5.3-5.3-13.8-5.3-19.1,0s-5.3,13.8,0,19.1l215.5,215.5l-215.5,215.5\n                    c-5.3,5.3-5.3,13.8,0,19.1c2.6,2.6,6.1,4,9.5,4c3.4,0,6.9-1.3,9.5-4l225.1-225.1C365.931,242.875,365.931,234.275,360.731,229.075z\"><\/path><\/svg>\n        <\/span>\n        <span class=\"sr-only\">Siguiente<\/span>\n      <\/a>\n    <\/section>\n    <section class=\"u-clearfix u-color-scheme-u10 u-container-align-center u-section-3\" id=\"carousel_11b2\">\n      <div class=\"u-clearfix u-sheet u-sheet-1\">\n        <div class=\"data-layout-selected u-clearfix u-expanded-width u-grey-5 u-gutter-0 u-layout-wrap u-layout-wrap-1\">\n          <div class=\"u-gutter-0 u-layout\">\n            <div class=\"u-layout-row\">\n              <div class=\"u-size-NaN\">\n                <div class=\"u-layout-col\">\n                  <div class=\"u-align-justify u-container-align-left u-container-style u-layout-cell u-right-cell u-size-60 u-layout-cell-1\">\n                    <div class=\"u-container-layout u-valign-top u-container-layout-1\">\n                      <p class=\"u-text u-text-1\"> En&nbsp;Termot\u00e9cnica Coindustrial&nbsp;somos estrictos con el cumplimiento de los estandares de calidad en todas las etapas del proceso, cumplimiento de la normatividad aplicable, la seguridad y salud en el trabajo, la salud integral de nuestros colaborades y el manejo adecuado del medio ambiente.<br>\n                        <br>Para logarlo, hemos desarrollado procedimientos y protocolos de buenas pr\u00e1cticas que han conllevado a la obtenci\u00f3n de los siguientes certificados.\n                      <\/p>\n                    <\/div>\n                  <\/div>\n                <\/div>\n              <\/div>\n            <\/div>\n          <\/div>\n        <\/div>\n      <\/div>\n    <\/section>\n    <section class=\"u-clearfix u-color-scheme-u10 u-section-4\" id=\"sec-1c28\">\n      <div class=\"u-clearfix u-sheet u-sheet-1\">\n        <div class=\"data-layout-selected u-clearfix u-expanded-width u-grey-5 u-gutter-0 u-layout-wrap u-layout-wrap-1\">\n          <div class=\"u-gutter-0 u-layout\">\n            <div class=\"u-layout-row\">\n              <div class=\"u-container-style u-custom-color-4 u-layout-cell u-size-60 u-layout-cell-1\">\n                <div class=\"u-container-layout u-container-layout-1\">\n                  <img decoding=\"async\" class=\"u-expanded-width-xs u-image u-image-contain u-image-default u-image-1\" src=\"https:\/\/termotecnica.com.co\/wp-content\/uploads\/2024\/10\/certificacionestermo-1.png\" alt=\"\" data-image-width=\"2045\" data-image-height=\"862\">\n                <\/div>\n              <\/div>\n            <\/div>\n          <\/div>\n        <\/div><span class=\"u-file-icon u-file-link u-icon u-icon-1\" data-href=\"https:\/\/termotecnica.com.co\/wp-content\/uploads\/2024\/03\/ISO_9001.pdf\" title=\"iso_9001-pdf\"><img decoding=\"async\" src=\"https:\/\/termotecnica.com.co\/wp-content\/uploads\/2024\/03\/icono-PDF.png\" alt=\"\"><\/span>\n        <p class=\"u-text u-text-1\">\n          <a href=\"https:\/\/termotecnica.com.co\/wp-content\/uploads\/2024\/03\/ISO_9001.pdf?lang=es\" class=\"u-active-none u-border-none u-btn u-button-link u-button-style u-file-link u-hover-none u-none u-text-palette-1-base u-btn-1\" target=\"_blank\"> ISO 14001: 2015 Sistema de&nbsp;Gesti\u00f3n Ambiental<\/a>\n        <\/p><span class=\"u-file-icon u-file-link u-icon u-icon-2\" data-href=\"https:\/\/termotecnica.com.co\/wp-content\/uploads\/2024\/03\/ISO_14001.pdf\" title=\"iso_9001-pdf\"><img decoding=\"async\" src=\"https:\/\/termotecnica.com.co\/wp-content\/uploads\/2024\/03\/icono-PDF.png\" alt=\"\"><\/span>\n        <p class=\"u-text u-text-2\">\n          <a href=\"https:\/\/termotecnica.com.co\/wp-content\/uploads\/2024\/06\/ISO_450011.pdf?lang=es\" class=\"u-active-none u-border-none u-btn u-button-link u-button-style u-file-link u-hover-none u-none u-text-palette-1-base u-btn-2\" target=\"_blank\"> ISO 45001: 2018 Sistemas de Gesti\u00f3n de Seguridad y Salud en el Trabajo.<\/a>\n        <\/p>\n        <div class=\"custom-expanded u-clearfix u-group-elements u-group-elements-1\"><span class=\"u-file-icon u-file-link u-icon u-icon-3\" data-href=\"https:\/\/termotecnica.com.co\/wp-content\/uploads\/2024\/03\/ISO_45001.pdf\" title=\"iso_9001-pdf\"><img decoding=\"async\" src=\"https:\/\/termotecnica.com.co\/wp-content\/uploads\/2024\/03\/icono-PDF.png\" alt=\"\"><\/span>\n        <\/div>\n        <h4 class=\"u-align-left u-text u-text-3\">\n          <a class=\"u-active-none u-border-none u-btn u-button-link u-button-style u-file-link u-hover-none u-none u-text-palette-1-base u-btn-3\" href=\"https:\/\/termotecnica.com.co\/wp-content\/uploads\/2024\/03\/ISO_9001.pdf\"> ISO 9001: 2015- Sistema de Gesti\u00f3n de Calidad<\/a>\n        <\/h4><span class=\"u-file-icon u-file-link u-icon u-icon-4\" data-href=\"https:\/\/termotecnica.com.co\/wp-content\/uploads\/2024\/06\/Certificado_Carbono_Neutro.pdf\" title=\"iso_9001-pdf\"><img decoding=\"async\" src=\"https:\/\/termotecnica.com.co\/wp-content\/uploads\/2024\/03\/icono-PDF.png\" alt=\"\"><\/span>\n        <p class=\"u-text u-text-4\">\n          <a href=\"https:\/\/termotecnica.com.co\/wp-content\/uploads\/2024\/06\/Certificado_Carbono_Neutro.pdf?lang=es\" class=\"u-active-none u-border-none u-btn u-button-link u-button-style u-file-link u-hover-none u-none u-text-palette-1-base u-btn-4\"> ISO 14064-1: 2018 Cuantificaci\u00f3n, verificaci\u00f3n y compensaci\u00f3n de emisiones de gases&nbsp;de efecto invernadero. Para el a\u00f1o 2023.<\/a>\n        <\/p>\n        <p class=\"u-text u-text-5\">\n          <a href=\"https:\/\/termotecnica.com.co\/wp-content\/uploads\/2024\/06\/Informe_RUC.pdf?lang=es\" class=\"u-active-none u-border-none u-btn u-button-link u-button-style u-file-link u-hover-none u-none u-text-palette-1-base u-btn-5\" target=\"_blank\">RUC&nbsp;Sistema de Seguridad, Salud en el trabajo y Ambiente para Contratistas del RUC, por parte del&nbsp;Consejo Colombiano de Seguridad.<\/a>\n        <\/p><span class=\"u-file-icon u-file-link u-icon u-icon-5\" data-href=\"https:\/\/termotecnica.com.co\/wp-content\/uploads\/2024\/06\/Informe_RUC.pdf\" title=\"iso_9001-pdf\"><img decoding=\"async\" src=\"https:\/\/termotecnica.com.co\/wp-content\/uploads\/2024\/03\/icono-PDF.png\" alt=\"\"><\/span>\n      <\/div>\n    <\/section>\n    \n    \n    \n  \n","protected":false},"excerpt":{"rendered":"<p>Certificaciones Previous Siguiente En&nbsp;Termot\u00e9cnica Coindustrial&nbsp;somos estrictos con el cumplimiento de los estandares de calidad en todas las etapas del proceso, cumplimiento de la normatividad aplicable, la seguridad y salud en el trabajo, la salud integral de nuestros colaborades y el manejo adecuado del medio ambiente. Para logarlo, hemos desarrollado procedimientos y protocolos de buenas pr\u00e1cticas &hellip; <a href=\"https:\/\/termotecnica.com.co\/index.php\/certificaciones-2\/\" class=\"more-link\">Continue reading<span class=\"screen-reader-text\"> \u00abCertificaciones\u00bb<\/span><\/a><\/p>\n","protected":false},"author":1,"featured_media":0,"parent":0,"menu_order":0,"comment_status":"closed","ping_status":"closed","template":"","meta":{"footnotes":""},"_links":{"self":[{"href":"https:\/\/termotecnica.com.co\/index.php\/wp-json\/wp\/v2\/pages\/609"}],"collection":[{"href":"https:\/\/termotecnica.com.co\/index.php\/wp-json\/wp\/v2\/pages"}],"about":[{"href":"https:\/\/termotecnica.com.co\/index.php\/wp-json\/wp\/v2\/types\/page"}],"author":[{"embeddable":true,"href":"https:\/\/termotecnica.com.co\/index.php\/wp-json\/wp\/v2\/users\/1"}],"replies":[{"embeddable":true,"href":"https:\/\/termotecnica.com.co\/index.php\/wp-json\/wp\/v2\/comments?post=609"}],"version-history":[{"count":18,"href":"https:\/\/termotecnica.com.co\/index.php\/wp-json\/wp\/v2\/pages\/609\/revisions"}],"predecessor-version":[{"id":1612,"href":"https:\/\/termotecnica.com.co\/index.php\/wp-json\/wp\/v2\/pages\/609\/revisions\/1612"}],"wp:attachment":[{"href":"https:\/\/termotecnica.com.co\/index.php\/wp-json\/wp\/v2\/media?parent=609"}],"curies":[{"name":"wp","href":"https:\/\/api.w.org\/{rel}","templated":true}]}}