{"id":397,"date":"2024-03-15T00:43:46","date_gmt":"2024-03-14T23:43:46","guid":{"rendered":"https:\/\/termotecnica.com.co\/www\/?page_id=397"},"modified":"2024-10-28T10:17:20","modified_gmt":"2024-10-28T15:17:20","slug":"oil-gas","status":"publish","type":"page","link":"https:\/\/termotecnica.com.co\/index.php\/oil-gas\/","title":{"rendered":"OIL-GAS"},"content":{"rendered":"\n  \n    \n    <section class=\"u-carousel u-slide u-block-2d28-1\" id=\"carousel-4d5b\" data-interval=\"5000\" data-u-ride=\"carousel\">\n      <ol class=\"u-absolute-hcenter u-carousel-indicators u-block-2d28-2\">\n        <li data-u-target=\"#carousel-4d5b\" class=\"u-active u-grey-30\" data-u-slide-to=\"0\"><\/li>\n      <\/ol>\n      <div class=\"u-carousel-inner\" role=\"listbox\">\n        <div class=\"custom-expanded u-active u-align-center u-carousel-item u-clearfix u-image u-shading u-section-2-1\" data-image-width=\"816\" data-image-height=\"536\" style=\"background-image: linear-gradient(0deg, rgba(0, 0, 0, 0.6), rgba(0, 0, 0, 0.6)), url(&quot;https:\/\/termotecnica.com.co\/wp-content\/uploads\/2024\/02\/CapturadePantalla2024-02-13alas4.51.40p.m.png&quot;);\">\n          <div class=\"u-clearfix u-sheet u-valign-middle u-sheet-1\">\n            <h3 class=\"u-align-center u-text u-text-default u-text-1\">Petr\u00f3leo Oil &amp; Gas<\/h3>\n          <\/div>\n        <\/div>\n      <\/div>\n      <a class=\"u-absolute-vcenter u-carousel-control u-carousel-control-prev u-hidden u-text-grey-30 u-block-2d28-3\" href=\"#carousel-4d5b\" role=\"button\" data-u-slide=\"prev\">\n        <span aria-hidden=\"true\">\n          <svg class=\"u-svg-link\" viewBox=\"0 0 477.175 477.175\"><path d=\"M145.188,238.575l215.5-215.5c5.3-5.3,5.3-13.8,0-19.1s-13.8-5.3-19.1,0l-225.1,225.1c-5.3,5.3-5.3,13.8,0,19.1l225.1,225\n                    c2.6,2.6,6.1,4,9.5,4s6.9-1.3,9.5-4c5.3-5.3,5.3-13.8,0-19.1L145.188,238.575z\"><\/path><\/svg>\n        <\/span>\n        <span class=\"sr-only\">Previous<\/span>\n      <\/a>\n      <a class=\"u-absolute-vcenter u-carousel-control u-carousel-control-next u-hidden u-text-grey-30 u-block-2d28-4\" href=\"#carousel-4d5b\" role=\"button\" data-u-slide=\"next\">\n        <span aria-hidden=\"true\">\n          <svg class=\"u-svg-link\" viewBox=\"0 0 477.175 477.175\"><path d=\"M360.731,229.075l-225.1-225.1c-5.3-5.3-13.8-5.3-19.1,0s-5.3,13.8,0,19.1l215.5,215.5l-215.5,215.5\n                    c-5.3,5.3-5.3,13.8,0,19.1c2.6,2.6,6.1,4,9.5,4c3.4,0,6.9-1.3,9.5-4l225.1-225.1C365.931,242.875,365.931,234.275,360.731,229.075z\"><\/path><\/svg>\n        <\/span>\n        <span class=\"sr-only\">Siguiente<\/span>\n      <\/a>\n    <\/section>\n    <section class=\"u-clearfix u-image u-section-3\" id=\"sec-86e5\" data-image-width=\"1140\" data-image-height=\"341\" style=\"background-image: url(&quot;https:\/\/termotecnica.com.co\/wp-content\/uploads\/2024\/10\/fondobloque3.png&quot;);\">\n      <div class=\"u-clearfix u-sheet u-sheet-1\">\n        <div class=\"data-layout-selected u-clearfix u-expanded-width u-layout-wrap u-layout-wrap-1\">\n          <div class=\"u-layout\">\n            <div class=\"u-layout-row\">\n              <div class=\"u-container-style u-layout-cell u-size-18 u-layout-cell-1\">\n                <div class=\"u-container-layout u-container-layout-1\">\n                  <a href=\"https:\/\/termotecnica.com.co\/index.php\/oil-gas\/\" class=\"u-active-palette-1-base u-align-left u-border-active-palette-2-base u-border-hover-palette-1-base u-border-none u-btn u-button-style u-custom-color-6 u-text-custom-color-7 u-btn-1\">PETR\u00d3LEO (OIL &amp; GAS)<\/a>\n                  <a href=\"https:\/\/termotecnica.com.co\/index.php\/energia-2\/\" class=\"u-active-palette-5-dark-3 u-align-left u-border-active-palette-2-base u-border-hover-palette-1-base u-border-none u-btn u-button-style u-custom-color-6 u-text-custom-color-7 u-btn-2\">ENERG\u00cdA <\/a>\n                  <a href=\"https:\/\/termotecnica.com.co\/index.php\/linea-industrial-2\/\" class=\"u-active-palette-5-dark-3 u-align-left u-border-active-palette-2-base u-border-hover-palette-1-base u-border-none u-btn u-button-style u-custom-color-6 u-text-custom-color-7 u-btn-3\">INDUSTRIA <\/a>\n                  <a href=\"https:\/\/termotecnica.com.co\/index.php\/mineria\/\" class=\"u-active-palette-5-dark-3 u-align-left u-border-active-palette-2-base u-border-hover-palette-1-base u-border-none u-btn u-button-style u-custom-color-6 u-text-custom-color-7 u-btn-4\">MINER\u00cdA <\/a>\n                  <a href=\"https:\/\/termotecnica.com.co\/index.php\/vias-y-carreteras\/\" class=\"u-active-palette-5-dark-3 u-align-left u-border-active-palette-2-base u-border-hover-palette-1-base u-border-none u-btn u-button-style u-custom-color-6 u-text-custom-color-7 u-btn-5\">INFRAE\u200bSTRUCTURA<\/a>\n                  <a href=\"https:\/\/termotecnica.com.co\/index.php\/servicios-publicos\/\" class=\"u-active-palette-5-dark-3 u-align-left u-border-active-palette-2-base u-border-hover-palette-1-base u-border-none u-btn u-button-style u-custom-color-6 u-text-custom-color-7 u-btn-6\">SANEAMIENTO <\/a>\n                <\/div>\n              <\/div>\n              <div class=\"u-align-justify u-container-style u-layout-cell u-size-42 u-white u-layout-cell-2\">\n                <div class=\"u-container-layout u-valign-top u-container-layout-2\">\n                  <img decoding=\"async\" class=\"custom-expanded u-image u-image-default u-image-1\" src=\"https:\/\/termotecnica.com.co\/wp-content\/uploads\/2024\/06\/CapturadePantalla2024-06-05alas9.58.20a.m.png\" alt=\"\" data-image-width=\"1140\" data-image-height=\"758\">\n                  <p class=\"u-text u-text-1\">\n                    <span style=\"font-weight: 700;\"><\/span> En el sector petrolero, la empresa ha participado en la\nconstrucci\u00f3n, el mantenimiento y la operaci\u00f3n de facilidades de producci\u00f3n,\nterminales de almacenamiento y estaciones de bombeo. Tambi\u00e9n, ha realizado el\nmantenimiento de oleoductos, poliductos y gasoductos, la estabilizaci\u00f3n de\nterrenos afectados, montaje de tanques de almacenamiento (desde 10.000 hasta\n325.000 BLS). As\u00ed mismo, ha participado en la producci\u00f3n petrolera,\ndesarrollando contratos de producci\u00f3n con riesgo y de producci\u00f3n asociada, al\nigual que contratos de exploraci\u00f3n.&nbsp; &nbsp;&nbsp;<br>\n                    <br>Se han desarrollado proyectos de construcci\u00f3n, reparaci\u00f3n y\nmantenimiento de unidades de proceso y de unidades de servicios asociadas para\nlas unidades productivas para las refiner\u00edas colombianas; y la construcci\u00f3n de\nplantas petroqu\u00edmicas para la industria privada.<br><b><\/b>\n                  <\/p>\n                <\/div>\n              <\/div>\n            <\/div>\n          <\/div>\n        <\/div>\n      <\/div>\n    <\/section>\n    \n    \n    \n  \n","protected":false},"excerpt":{"rendered":"<p>Petr\u00f3leo Oil &amp; Gas Previous Siguiente PETR\u00d3LEO (OIL &amp; GAS) ENERG\u00cdA INDUSTRIA MINER\u00cdA INFRAE\u200bSTRUCTURA SANEAMIENTO En el sector petrolero, la empresa ha participado en la construcci\u00f3n, el mantenimiento y la operaci\u00f3n de facilidades de producci\u00f3n, terminales de almacenamiento y estaciones de bombeo. Tambi\u00e9n, ha realizado el mantenimiento de oleoductos, poliductos y gasoductos, la estabilizaci\u00f3n de &hellip; <a href=\"https:\/\/termotecnica.com.co\/index.php\/oil-gas\/\" class=\"more-link\">Continue reading<span class=\"screen-reader-text\"> \u00abOIL-GAS\u00bb<\/span><\/a><\/p>\n","protected":false},"author":1,"featured_media":0,"parent":0,"menu_order":0,"comment_status":"closed","ping_status":"closed","template":"","meta":{"footnotes":""},"_links":{"self":[{"href":"https:\/\/termotecnica.com.co\/index.php\/wp-json\/wp\/v2\/pages\/397"}],"collection":[{"href":"https:\/\/termotecnica.com.co\/index.php\/wp-json\/wp\/v2\/pages"}],"about":[{"href":"https:\/\/termotecnica.com.co\/index.php\/wp-json\/wp\/v2\/types\/page"}],"author":[{"embeddable":true,"href":"https:\/\/termotecnica.com.co\/index.php\/wp-json\/wp\/v2\/users\/1"}],"replies":[{"embeddable":true,"href":"https:\/\/termotecnica.com.co\/index.php\/wp-json\/wp\/v2\/comments?post=397"}],"version-history":[{"count":15,"href":"https:\/\/termotecnica.com.co\/index.php\/wp-json\/wp\/v2\/pages\/397\/revisions"}],"predecessor-version":[{"id":1551,"href":"https:\/\/termotecnica.com.co\/index.php\/wp-json\/wp\/v2\/pages\/397\/revisions\/1551"}],"wp:attachment":[{"href":"https:\/\/termotecnica.com.co\/index.php\/wp-json\/wp\/v2\/media?parent=397"}],"curies":[{"name":"wp","href":"https:\/\/api.w.org\/{rel}","templated":true}]}}