{"id":234,"date":"2024-03-13T23:50:00","date_gmt":"2024-03-13T22:50:00","guid":{"rendered":"https:\/\/termotecnica.com.co\/www\/?page_id=234"},"modified":"2024-10-22T08:19:57","modified_gmt":"2024-10-22T13:19:57","slug":"proyecto1","status":"publish","type":"page","link":"https:\/\/termotecnica.com.co\/index.php\/proyecto1\/","title":{"rendered":"proyecto1"},"content":{"rendered":"\n  \n    \n    <section class=\"u-carousel u-slide u-block-d580-1\" id=\"carousel-34be\" data-interval=\"5000\" data-u-ride=\"carousel\">\n      <ol class=\"u-absolute-hcenter u-carousel-indicators u-block-d580-2\">\n        <li data-u-target=\"#carousel-34be\" class=\"u-active u-grey-30\" data-u-slide-to=\"0\"><\/li>\n      <\/ol>\n      <div class=\"u-carousel-inner\" role=\"listbox\">\n        <div class=\"u-active u-align-center u-carousel-item u-clearfix u-image u-shading u-section-2-1\" data-image-width=\"1457\" data-image-height=\"683\" style=\"background-image: linear-gradient(0deg, rgba(41, 45, 51, 0.6), rgba(41, 45, 51, 0.6)), url(&quot;https:\/\/termotecnica.com.co\/wp-content\/uploads\/2024\/06\/CapturadePantalla2024-06-05alas8.36.19a.m.png&quot;);\">\n          <div class=\"u-clearfix u-sheet u-valign-middle u-sheet-1\">\n            <h3 class=\"u-align-left u-text u-text-default u-text-1\"> PTAR Salitre Fase II<br>\n              <span style=\"font-size: 1.25rem;\"> Saneamiento<\/span>\n              <br>\n            <\/h3>\n          <\/div>\n        <\/div>\n      <\/div>\n      <a class=\"u-absolute-vcenter u-carousel-control u-carousel-control-prev u-hidden u-text-grey-30 u-block-d580-3\" href=\"#carousel-34be\" role=\"button\" data-u-slide=\"prev\">\n        <span aria-hidden=\"true\">\n          <svg class=\"u-svg-link\" viewBox=\"0 0 477.175 477.175\"><path d=\"M145.188,238.575l215.5-215.5c5.3-5.3,5.3-13.8,0-19.1s-13.8-5.3-19.1,0l-225.1,225.1c-5.3,5.3-5.3,13.8,0,19.1l225.1,225\n                    c2.6,2.6,6.1,4,9.5,4s6.9-1.3,9.5-4c5.3-5.3,5.3-13.8,0-19.1L145.188,238.575z\"><\/path><\/svg>\n        <\/span>\n        <span class=\"sr-only\">Previous<\/span>\n      <\/a>\n      <a class=\"u-absolute-vcenter u-carousel-control u-carousel-control-next u-hidden u-text-grey-30 u-block-d580-4\" href=\"#carousel-34be\" role=\"button\" data-u-slide=\"next\">\n        <span aria-hidden=\"true\">\n          <svg class=\"u-svg-link\" viewBox=\"0 0 477.175 477.175\"><path d=\"M360.731,229.075l-225.1-225.1c-5.3-5.3-13.8-5.3-19.1,0s-5.3,13.8,0,19.1l215.5,215.5l-215.5,215.5\n                    c-5.3,5.3-5.3,13.8,0,19.1c2.6,2.6,6.1,4,9.5,4c3.4,0,6.9-1.3,9.5-4l225.1-225.1C365.931,242.875,365.931,234.275,360.731,229.075z\"><\/path><\/svg>\n        <\/span>\n        <span class=\"sr-only\">Siguiente<\/span>\n      <\/a>\n    <\/section>\n    <section class=\"u-clearfix u-image u-section-3\" id=\"sec-aca3\" data-image-width=\"1140\" data-image-height=\"341\" style=\"background-image: url(&quot;https:\/\/termotecnica.com.co\/wp-content\/uploads\/2024\/02\/fondobloque3.png&quot;);\">\n      <div class=\"u-clearfix u-sheet u-sheet-1\">\n        <div class=\"custom-expanded data-layout-selected u-clearfix u-gutter-0 u-layout-wrap u-layout-wrap-1\">\n          <div class=\"u-gutter-0 u-layout\">\n            <div class=\"u-layout-col\">\n              <div class=\"u-size-30\">\n                <div class=\"u-layout-col\">\n                  <div class=\"u-align-left u-container-style u-effect-hover-zoom u-layout-cell u-size-60 u-layout-cell-1\" data-image-width=\"1140\" data-image-height=\"534\">\n                    <div class=\"u-background-effect u-expanded\">\n                      <div class=\"u-background-effect-image u-expanded u-image u-image-1\" data-image-width=\"1140\" data-image-height=\"534\" style=\"background-image: url(&quot;https:\/\/termotecnica.com.co\/wp-content\/uploads\/2024\/06\/CapturadePantalla2024-06-05alas8.36.19a.m.png&quot;);\"><\/div>\n                    <\/div>\n                    <div class=\"u-container-layout u-container-layout-1\"><\/div>\n                  <\/div>\n                <\/div>\n              <\/div>\n              <div class=\"u-size-30\">\n                <div class=\"u-layout-row\">\n                  <div class=\"u-align-left u-container-style u-effect-hover-zoom u-layout-cell u-size-20 u-layout-cell-2\" data-image-width=\"1287\" data-image-height=\"457\">\n                    <div class=\"u-background-effect\">\n                      <div class=\"u-background-effect-image u-expanded u-image u-image-2\" data-image-width=\"1424\" data-image-height=\"688\" style=\"background-image: url(&quot;https:\/\/termotecnica.com.co\/wp-content\/uploads\/2024\/06\/CapturadePantalla2024-06-05alas8.37.40a.m.png&quot;);\"><\/div>\n                    <\/div>\n                    <div class=\"u-container-layout u-valign-middle u-container-layout-2\" src=\"\"><\/div>\n                  <\/div>\n                  <div class=\"u-container-style u-effect-hover-zoom u-layout-cell u-size-20 u-layout-cell-3\" data-image-width=\"944\" data-image-height=\"454\">\n                    <div class=\"u-background-effect u-expanded\">\n                      <div class=\"u-background-effect-image u-expanded u-image u-image-3\" data-image-width=\"944\" data-image-height=\"454\" style=\"background-image: url(&quot;https:\/\/termotecnica.com.co\/wp-content\/uploads\/2024\/07\/PTARSalitre4.jpg&quot;);\"><\/div>\n                    <\/div>\n                    <div class=\"u-container-layout u-container-layout-3\"><\/div>\n                  <\/div>\n                  <div class=\"u-container-style u-effect-hover-zoom u-layout-cell u-size-20 u-layout-cell-4\" data-image-width=\"739\" data-image-height=\"532\">\n                    <div class=\"u-background-effect u-expanded\">\n                      <div class=\"u-background-effect-image u-expanded u-image u-image-4\" data-image-width=\"739\" data-image-height=\"532\" style=\"background-image: url(&quot;https:\/\/termotecnica.com.co\/wp-content\/uploads\/2024\/07\/PTARSalitre5.jpg&quot;);\"><\/div>\n                    <\/div>\n                    <div class=\"u-container-layout u-container-layout-4\"><\/div>\n                  <\/div>\n                <\/div>\n              <\/div>\n            <\/div>\n          <\/div>\n        <\/div>\n      <\/div>\n      \n    <\/section>\n    <section class=\"u-clearfix u-grey-5 u-section-4\" id=\"sec-6615\">\n      <div class=\"u-clearfix u-sheet u-sheet-1\">\n        <h3 class=\"u-text u-text-1\">Descripci\u00f3n del Proyecto<\/h3>\n        <p class=\"u-align-justify u-text u-text-2\">\n          <span style=\"font-weight: 700;\"> PTAR Salitre Fase II&nbsp;<\/span>\n          <br> La ampliaci\u00f3n y optimizaci\u00f3n de la Planta de Tratamiento de Aguas Residuales, PTAR Salitre Fase II, hace parte del Plan de Saneamiento y Recuperaci\u00f3n del R\u00edo Bogot\u00e1. Este proyecto, liderado por la Corporaci\u00f3n Aut\u00f3noma Regional de Cundinamarca (CAR), es de gran importancia para la comunidad y el medio ambiente, ya que tratar\u00e1 un volumen de 7.0 m3 de agua por segundo e impedir\u00e1 que un promedio de 450 toneladas mensuales de basuras llegue al r\u00edo.\n        <\/p>\n      <\/div>\n    <\/section>\n    <section class=\"u-align-center u-clearfix u-grey-5 u-section-5\" id=\"sec-d60a\">\n      <div class=\"u-clearfix u-sheet u-sheet-1\">\n        <div class=\"custom-expanded u-table u-table-responsive u-table-1\">\n          <table class=\"u-table-entity u-table-entity-1\">\n            <colgroup>\n              <col width=\"50%\">\n              <col width=\"50%\">\n            <\/colgroup>\n            <tbody class=\"u-table-alt-grey-5 u-table-body\">\n              <tr style=\"height: 75px;\">\n                <td class=\"u-border-1 u-border-grey-15 u-first-column u-grey-10 u-table-cell u-table-cell-1\">Sector del Proyecto<\/td>\n                <td class=\"u-border-1 u-border-grey-15 u-grey-10 u-table-cell u-table-cell-2\"> Saneamiento<\/td>\n              <\/tr>\n              <tr style=\"height: 76px;\">\n                <td class=\"u-border-1 u-border-grey-15 u-first-column u-table-cell u-white u-table-cell-3\">Cliente<\/td>\n                <td class=\"u-border-1 u-border-grey-15 u-table-cell u-white\"> Consorcio expansi\u00f3n PTAR Salitre<\/td>\n              <\/tr>\n              <tr style=\"height: 76px;\">\n                <td class=\"u-border-1 u-border-grey-15 u-first-column u-grey-10 u-table-cell u-table-cell-5\">Fecha de entrega<\/td>\n                <td class=\"u-border-1 u-border-grey-15 u-grey-10 u-table-cell u-table-cell-6\">2020<\/td>\n              <\/tr>\n              <tr style=\"height: 76px;\">\n                <td class=\"u-border-1 u-border-grey-15 u-first-column u-table-cell u-white u-table-cell-7\">Ubicaci\u00f3n&nbsp;<\/td>\n                <td class=\"u-border-1 u-border-grey-15 u-table-cell u-white\">Bogot\u00e1<\/td>\n              <\/tr>\n            <\/tbody>\n          <\/table>\n        <\/div>\n      <\/div>\n    <\/section>\n    \n    \n    \n  \n","protected":false},"excerpt":{"rendered":"<p>PTAR Salitre Fase II Saneamiento Previous Siguiente Descripci\u00f3n del Proyecto PTAR Salitre Fase II&nbsp; La ampliaci\u00f3n y optimizaci\u00f3n de la Planta de Tratamiento de Aguas Residuales, PTAR Salitre Fase II, hace parte del Plan de Saneamiento y Recuperaci\u00f3n del R\u00edo Bogot\u00e1. Este proyecto, liderado por la Corporaci\u00f3n Aut\u00f3noma Regional de Cundinamarca (CAR), es de gran &hellip; <a href=\"https:\/\/termotecnica.com.co\/index.php\/proyecto1\/\" class=\"more-link\">Continue reading<span class=\"screen-reader-text\"> \u00abproyecto1\u00bb<\/span><\/a><\/p>\n","protected":false},"author":1,"featured_media":0,"parent":0,"menu_order":0,"comment_status":"closed","ping_status":"closed","template":"","meta":{"footnotes":""},"_links":{"self":[{"href":"https:\/\/termotecnica.com.co\/index.php\/wp-json\/wp\/v2\/pages\/234"}],"collection":[{"href":"https:\/\/termotecnica.com.co\/index.php\/wp-json\/wp\/v2\/pages"}],"about":[{"href":"https:\/\/termotecnica.com.co\/index.php\/wp-json\/wp\/v2\/types\/page"}],"author":[{"embeddable":true,"href":"https:\/\/termotecnica.com.co\/index.php\/wp-json\/wp\/v2\/users\/1"}],"replies":[{"embeddable":true,"href":"https:\/\/termotecnica.com.co\/index.php\/wp-json\/wp\/v2\/comments?post=234"}],"version-history":[{"count":17,"href":"https:\/\/termotecnica.com.co\/index.php\/wp-json\/wp\/v2\/pages\/234\/revisions"}],"predecessor-version":[{"id":1155,"href":"https:\/\/termotecnica.com.co\/index.php\/wp-json\/wp\/v2\/pages\/234\/revisions\/1155"}],"wp:attachment":[{"href":"https:\/\/termotecnica.com.co\/index.php\/wp-json\/wp\/v2\/media?parent=234"}],"curies":[{"name":"wp","href":"https:\/\/api.w.org\/{rel}","templated":true}]}}