{"id":1404,"date":"2024-10-18T09:51:11","date_gmt":"2024-10-18T14:51:11","guid":{"rendered":"https:\/\/termotecnica.com.co\/wp\/?page_id=1404"},"modified":"2025-05-02T09:22:45","modified_gmt":"2025-05-02T14:22:45","slug":"politicas-corporativas","status":"publish","type":"page","link":"https:\/\/termotecnica.com.co\/index.php\/politicas-corporativas\/","title":{"rendered":"Politicas Corporativas"},"content":{"rendered":"\n  \n    \n    <section class=\"u-carousel u-slide u-block-805c-1\" id=\"carousel-1919\" data-interval=\"5000\" data-u-ride=\"carousel\">\n      <ol class=\"u-absolute-hcenter u-carousel-indicators u-hidden u-block-805c-2\">\n        <li data-u-target=\"#carousel-1919\" class=\"u-active u-grey-30\" data-u-slide-to=\"0\"><\/li>\n      <\/ol>\n      <div class=\"u-carousel-inner\" role=\"listbox\">\n        <div class=\"custom-expanded u-active u-align-center u-carousel-item u-clearfix u-image u-shading u-section-2-1\" data-image-width=\"1024\" data-image-height=\"768\" style=\"background-image: linear-gradient(0deg, rgba(0, 0, 0, 0.7), rgba(0, 0, 0, 0.7)), url(&quot;https:\/\/termotecnica.com.co\/wp-content\/uploads\/2024\/07\/Foto3.png&quot;);\">\n          <div class=\"u-clearfix u-sheet u-valign-middle u-sheet-1\">\n            <h3 class=\"u-align-center u-text u-text-default u-text-1\">Pol\u00edticas Corporativas<\/h3>\n          <\/div>\n        <\/div>\n      <\/div>\n      <a class=\"u-absolute-vcenter u-carousel-control u-carousel-control-prev u-hidden u-text-grey-30 u-block-805c-3\" href=\"#carousel-1919\" role=\"button\" data-u-slide=\"prev\">\n        <span aria-hidden=\"true\">\n          <svg class=\"u-svg-link\" viewBox=\"0 0 477.175 477.175\"><path d=\"M145.188,238.575l215.5-215.5c5.3-5.3,5.3-13.8,0-19.1s-13.8-5.3-19.1,0l-225.1,225.1c-5.3,5.3-5.3,13.8,0,19.1l225.1,225\n                    c2.6,2.6,6.1,4,9.5,4s6.9-1.3,9.5-4c5.3-5.3,5.3-13.8,0-19.1L145.188,238.575z\"><\/path><\/svg>\n        <\/span>\n        <span class=\"sr-only\">Previous<\/span>\n      <\/a>\n      <a class=\"u-absolute-vcenter u-carousel-control u-carousel-control-next u-hidden u-text-grey-30 u-block-805c-4\" href=\"#carousel-1919\" role=\"button\" data-u-slide=\"next\">\n        <span aria-hidden=\"true\">\n          <svg class=\"u-svg-link\" viewBox=\"0 0 477.175 477.175\"><path d=\"M360.731,229.075l-225.1-225.1c-5.3-5.3-13.8-5.3-19.1,0s-5.3,13.8,0,19.1l215.5,215.5l-215.5,215.5\n                    c-5.3,5.3-5.3,13.8,0,19.1c2.6,2.6,6.1,4,9.5,4c3.4,0,6.9-1.3,9.5-4l225.1-225.1C365.931,242.875,365.931,234.275,360.731,229.075z\"><\/path><\/svg>\n        <\/span>\n        <span class=\"sr-only\">Siguiente<\/span>\n      <\/a>\n    <\/section>\n    <section class=\"u-align-center u-clearfix u-section-3\" id=\"sec-897c\">\n      <div class=\"u-clearfix u-sheet u-sheet-1\">\n        <div class=\"u-expanded-width-md u-expanded-width-sm u-expanded-width-xs u-table u-table-responsive u-table-1\">\n          <table class=\"u-table-entity u-table-entity-1\">\n            <colgroup>\n              <col width=\"100%\">\n            <\/colgroup>\n            <tbody class=\"u-table-body u-table-body-1\">\n              <tr style=\"height: 64px;\">\n                <td class=\"u-border-1 u-border-grey-30 u-grey-5 u-table-cell u-table-cell-1\"><\/td>\n              <\/tr>\n              <tr style=\"height: 65px;\">\n                <td class=\"u-border-1 u-border-grey-30 u-table-cell\"><\/td>\n              <\/tr>\n              <tr style=\"height: 65px;\">\n                <td class=\"u-border-1 u-border-grey-30 u-grey-5 u-table-cell u-table-cell-3\"><\/td>\n              <\/tr>\n              <tr style=\"height: 65px;\">\n                <td class=\"u-border-1 u-border-grey-30 u-table-cell\"><\/td>\n              <\/tr>\n              <tr style=\"height: 65px;\">\n                <td class=\"u-border-1 u-border-grey-30 u-grey-5 u-table-cell u-table-cell-5\"><\/td>\n              <\/tr>\n              <tr style=\"height: 65px;\">\n                <td class=\"u-border-1 u-border-grey-30 u-table-cell\"><\/td>\n              <\/tr>\n              <tr style=\"height: 65px;\">\n                <td class=\"u-border-1 u-border-grey-30 u-grey-5 u-table-cell u-table-cell-7\"><\/td>\n              <\/tr>\n              <tr style=\"height: 65px;\">\n                <td class=\"u-border-1 u-border-grey-30 u-table-cell\"><\/td>\n              <\/tr>\n              <tr style=\"height: 65px;\">\n                <td class=\"u-border-1 u-border-grey-30 u-grey-5 u-table-cell u-table-cell-9\"><\/td>\n              <\/tr>\n              <tr style=\"height: 61px;\">\n                <td class=\"u-border-1 u-border-grey-30 u-table-cell u-white u-table-cell-10\"><\/td>\n              <\/tr>\n              <tr style=\"height: 76px;\">\n                <td class=\"u-border-1 u-border-grey-30 u-grey-5 u-table-cell u-table-cell-11\"><\/td>\n              <\/tr>\n              <tr style=\"height: 64px;\">\n                <td class=\"u-border-1 u-border-grey-30 u-table-cell u-white u-table-cell-12\"><\/td>\n              <\/tr>\n              <tr style=\"height: 65px;\">\n                <td class=\"u-border-1 u-border-grey-30 u-grey-5 u-table-cell u-table-cell-13\"><\/td>\n              <\/tr>\n              <tr style=\"height: 65px;\">\n                <td class=\"u-border-1 u-border-grey-30 u-table-cell u-white u-table-cell-14\"><\/td>\n              <\/tr>\n              <tr style=\"height: 65px;\">\n                <td class=\"u-border-1 u-border-grey-30 u-grey-5 u-table-cell u-table-cell-15\"><\/td>\n              <\/tr>\n            <\/tbody>\n          <\/table>\n        <\/div><span class=\"u-file-icon u-file-link u-hidden-xs u-icon u-icon-1\" data-href=\"https:\/\/termotecnica.com.co\/wp-content\/uploads\/2025\/05\/HSEQPT01PoliticaHSEQRev.6.pdf\" title=\"iso_9001-pdf\" data-target=\"_blank\"><img decoding=\"async\" src=\"https:\/\/termotecnica.com.co\/wp-content\/uploads\/2024\/03\/icono-PDF.png\" alt=\"\"><\/span>\n        <a class=\"u-active-none u-border-none u-btn u-button-link u-button-style u-file-link u-hover-none u-none u-text-palette-1-base u-btn-1\" href=\"https:\/\/termotecnica.com.co\/wp-content\/uploads\/2025\/05\/HSEQPT01PoliticaHSEQRev.6.pdf\" target=\"_blank\"> Pol\u00edtica HSEQ<\/a><span class=\"u-file-icon u-file-link u-hidden-xs u-icon u-icon-2\" data-href=\"https:\/\/termotecnica.com.co\/wp-content\/uploads\/2025\/05\/HSEQPT02PrevencionAlcoholTabacoySustanciasPsicoRev.6.pdf\" title=\"iso_9001-pdf\" data-target=\"_blank\"><img decoding=\"async\" src=\"https:\/\/termotecnica.com.co\/wp-content\/uploads\/2024\/03\/icono-PDF.png\" alt=\"\"><\/span>\n        <a class=\"u-active-none u-align-left-xs u-border-none u-btn u-button-link u-button-style u-file-link u-hover-none u-none u-text-palette-1-base u-btn-2\" href=\"https:\/\/termotecnica.com.co\/wp-content\/uploads\/2024\/10\/HSEQPT02PrevencionAlcoholTabacoySustanciasPsicoRev.6.pdf\" target=\"_blank\"> Prevenci\u00f3n Alcohol, Tabaco&nbsp;y&nbsp;Sustancias Psico<\/a><span class=\"u-file-icon u-file-link u-hidden-xs u-icon u-icon-3\" data-href=\"https:\/\/termotecnica.com.co\/wp-content\/uploads\/2025\/05\/HSEQPT03PoliticadeSeguridadVialRev.2.pdf\" title=\"iso_9001-pdf\" data-target=\"_blank\"><img decoding=\"async\" src=\"https:\/\/termotecnica.com.co\/wp-content\/uploads\/2024\/03\/icono-PDF.png\" alt=\"\"><\/span>\n        <a class=\"u-active-none u-border-none u-btn u-button-link u-button-style u-file-link u-hover-none u-none u-text-palette-1-base u-btn-3\" href=\"https:\/\/termotecnica.com.co\/wp-content\/uploads\/2025\/01\/HSEQPT03PoliticadeSeguridadVialRev.7.pdf\" target=\"_blank\"> Pol\u00edtica de Seguridad Vial<\/a><span class=\"u-file-icon u-file-link u-hidden-xs u-icon u-icon-4\" data-href=\"https:\/\/termotecnica.com.co\/wp-content\/uploads\/2025\/05\/HSEQPT04PoliticadeCeroToleranciaRev.1.pdf\" title=\"iso_9001-pdf\" data-target=\"_blank\"><img decoding=\"async\" src=\"https:\/\/termotecnica.com.co\/wp-content\/uploads\/2024\/03\/icono-PDF.png\" alt=\"\"><\/span>\n        <a class=\"u-active-none u-border-none u-btn u-button-link u-button-style u-file-link u-hover-none u-none u-text-palette-1-base u-btn-4\" href=\"https:\/\/termotecnica.com.co\/wp-content\/uploads\/2024\/10\/HSEQPT04PoliticadeCeroToleranciaV7.pdf\" target=\"_blank\">Pol\u00edtica de Cero Tolerancia<\/a><span class=\"u-file-icon u-file-link u-hidden-xs u-icon u-icon-5\" data-href=\"https:\/\/termotecnica.com.co\/wp-content\/uploads\/2025\/05\/HSEQPT05PoliticaderechoshumanosyrelacioncomunidadesRev.5.pdf\" title=\"iso_9001-pdf\" data-target=\"_blank\"><img decoding=\"async\" src=\"https:\/\/termotecnica.com.co\/wp-content\/uploads\/2024\/03\/icono-PDF.png\" alt=\"\"><\/span>\n        <a class=\"u-active-none u-align-left-xs u-border-none u-btn u-button-link u-button-style u-file-link u-hover-none u-none u-text-palette-1-base u-btn-5\" href=\"https:\/\/termotecnica.com.co\/wp-content\/uploads\/2024\/10\/HSEQPT05PoliticaderechoshumanosyrelacioncomunidadesRev.5.pdf\" target=\"_blank\"> Derechos humanos y&nbsp;relaci\u00f3n comunidades<\/a><span class=\"u-file-icon u-file-link u-hidden-xs u-icon u-icon-6\" data-href=\"https:\/\/termotecnica.com.co\/wp-content\/uploads\/2025\/05\/HSEQPT06PoliticadeDotacionyEPIRev.6.pdf\" title=\"iso_9001-pdf\" data-target=\"_blank\"><img decoding=\"async\" src=\"https:\/\/termotecnica.com.co\/wp-content\/uploads\/2024\/03\/icono-PDF.png\" alt=\"\"><\/span>\n        <a class=\"u-active-none u-border-none u-btn u-button-link u-button-style u-file-link u-hover-none u-none u-text-palette-1-base u-btn-6\" href=\"https:\/\/termotecnica.com.co\/wp-content\/uploads\/2024\/10\/HSEQPT06PoliticadeDotacionyEPIRev.5.pdf\" target=\"_blank\">Pol\u00edtica de Dotaci\u00f3n y EPI&nbsp;<\/a><span class=\"u-file-icon u-file-link u-hidden-xs u-icon u-icon-7\" data-href=\"https:\/\/termotecnica.com.co\/wp-content\/uploads\/2025\/05\/HSEQPT08PoliticadeGestiondelRiesgoyEmergenciasRev.5.pdf\" title=\"iso_9001-pdf\" data-target=\"_blank\"><img decoding=\"async\" src=\"https:\/\/termotecnica.com.co\/wp-content\/uploads\/2024\/03\/icono-PDF.png\" alt=\"\"><\/span>\n        <a class=\"u-active-none u-align-left-xs u-border-none u-btn u-button-link u-button-style u-file-link u-hover-none u-none u-text-palette-1-base u-btn-7\" href=\"https:\/\/termotecnica.com.co\/wp-content\/uploads\/2025\/05\/HSEQPT08PoliticadeGestiondelRiesgoyEmergenciasRev.5.pdf\" target=\"_blank\"> Pol\u00edtica de Gesti\u00f3n del Riesgo&nbsp;y Emergencias&nbsp;<\/a><span class=\"u-file-icon u-file-link u-hidden-xs u-icon u-icon-8\" data-href=\"https:\/\/termotecnica.com.co\/wp-content\/uploads\/2025\/05\/HSEQPT09PoliticadePrevenciondelAcosoLaboralySexualRev.1.pdf\" title=\"iso_9001-pdf\" data-target=\"_blank\"><img decoding=\"async\" src=\"https:\/\/termotecnica.com.co\/wp-content\/uploads\/2024\/03\/icono-PDF.png\" alt=\"\"><\/span>\n        <a class=\"u-active-none u-align-left-xs u-border-none u-btn u-button-link u-button-style u-file-link u-hover-none u-none u-text-palette-1-base u-btn-8\" href=\"https:\/\/termotecnica.com.co\/wp-content\/uploads\/2024\/10\/HSEQPT09PoliticadePrevenciondelAcosoLaboralRev.3.pdf\" target=\"_blank\"> Pol\u00edtica de Prevenci\u00f3n del&nbsp;Acoso Laboral<\/a><span class=\"u-file-icon u-file-link u-hidden-xs u-icon u-icon-9\" data-href=\"https:\/\/termotecnica.com.co\/wp-content\/uploads\/2025\/05\/HSEQPT10PoliticaDesconexionLaboralRev.2.pdf\" title=\"iso_9001-pdf\" data-target=\"_blank\"><img decoding=\"async\" src=\"https:\/\/termotecnica.com.co\/wp-content\/uploads\/2024\/03\/icono-PDF.png\" alt=\"\"><\/span>\n        <a class=\"u-active-none u-border-none u-btn u-button-link u-button-style u-file-link u-hover-none u-none u-text-palette-1-base u-btn-9\" href=\"https:\/\/termotecnica.com.co\/wp-content\/uploads\/2024\/10\/HSEQPT10PoliticaDesconexionLaboralRev.2.pdf\" target=\"_blank\"> Desconexi\u00f3n Laboral<\/a>\n        <a class=\"u-active-none u-border-none u-btn u-button-link u-button-style u-file-link u-hover-none u-none u-text-palette-1-base u-btn-10\" href=\"https:\/\/termotecnica.com.co\/wp\/wp-content\/uploads\/2024\/10\/HSEQPT11PoliticadeAreasSegurasRev.2-1.pdf\" target=\"_blank\">Pol\u00edtica de \u00c1reas Seguras<\/a>\n        <a class=\"u-active-none u-border-none u-btn u-button-link u-button-style u-file-link u-hover-none u-none u-text-palette-1-base u-btn-11\" href=\"https:\/\/termotecnica.com.co\/wp-content\/uploads\/2024\/10\/RLAPT01PoliticadeHabeasData.pdf\" target=\"_blank\">Pol\u00edtica de Habeas Data<\/a>\n        <a class=\"u-active-none u-border-none u-btn u-button-link u-button-style u-file-link u-hover-none u-none u-text-palette-1-base u-btn-12\" href=\"https:\/\/termotecnica.com.co\/wp-content\/uploads\/2024\/10\/RLAPT02PoliticaPTEE.pdf\" target=\"_blank\">Pol\u00edtica PTEE<\/a>\n        <a class=\"u-active-none u-border-none u-btn u-button-link u-button-style u-file-link u-hover-none u-none u-text-palette-1-base u-btn-13\" href=\"https:\/\/termotecnica.com.co\/wp-content\/uploads\/2024\/10\/RLAPT03_Sagrilaft.pdf\" target=\"_blank\">Pol\u00edtica de Sagrilaft<\/a>\n        <a class=\"u-active-none u-align-left-xs u-border-none u-btn u-button-link u-button-style u-file-link u-hover-none u-none u-text-palette-1-base u-btn-14\" href=\"https:\/\/termotecnica.com.co\/wp-content\/uploads\/2024\/10\/TICPT01PoliticadeSeguridaddelaInformacion.pdf\" target=\"_blank\">Pol\u00edtica de Seguridad de&nbsp;la Informaci\u00f3n<\/a>\n        <a class=\"u-active-none u-border-none u-btn u-button-link u-button-style u-file-link u-hover-none u-none u-text-palette-1-base u-btn-15\" href=\"https:\/\/termotecnica.com.co\/wp\/wp-content\/uploads\/2024\/10\/RLACO01CodigodeEticaRev.1.pdf\" target=\"_blank\">Co\u0301digo de Etica&nbsp;<\/a><span class=\"u-file-icon u-file-link u-hidden-xs u-icon u-icon-10\" data-href=\"https:\/\/termotecnica.com.co\/wp-content\/uploads\/2025\/05\/HSEQPT11PoliticadeAreasSegurasRev.2.pdf\" title=\"iso_9001-pdf\" data-target=\"_blank\"><img decoding=\"async\" src=\"https:\/\/termotecnica.com.co\/wp-content\/uploads\/2024\/03\/icono-PDF.png\" alt=\"\"><\/span><span class=\"u-file-icon u-file-link u-hidden-xs u-icon u-icon-11\" data-href=\"https:\/\/termotecnica.com.co\/wp-content\/uploads\/2024\/10\/RLAPT01PoliticadeHabeasData.pdf\" title=\"iso_9001-pdf\" data-target=\"_blank\"><img decoding=\"async\" src=\"https:\/\/termotecnica.com.co\/wp-content\/uploads\/2024\/03\/icono-PDF.png\" alt=\"\"><\/span><span class=\"u-file-icon u-file-link u-hidden-xs u-icon u-icon-12\" data-href=\"https:\/\/termotecnica.com.co\/wp-content\/uploads\/2024\/10\/RLAPT03_Sagrilaft.pdf\" title=\"iso_9001-pdf\" data-target=\"_blank\"><img decoding=\"async\" src=\"https:\/\/termotecnica.com.co\/wp-content\/uploads\/2024\/03\/icono-PDF.png\" alt=\"\"><\/span><span class=\"u-file-icon u-file-link u-hidden-xs u-icon u-icon-13\" data-href=\"https:\/\/termotecnica.com.co\/wp-content\/uploads\/2024\/10\/RLAPT02PoliticaPTEE.pdf\" title=\"iso_9001-pdf\" data-target=\"_blank\"><img decoding=\"async\" src=\"https:\/\/termotecnica.com.co\/wp-content\/uploads\/2024\/03\/icono-PDF.png\" alt=\"\"><\/span><span class=\"u-file-icon u-file-link u-hidden-xs u-icon u-icon-14\" data-href=\"https:\/\/termotecnica.com.co\/wp-content\/uploads\/2024\/10\/TICPT01PoliticadeSeguridaddelaInformacion.pdf\" title=\"iso_9001-pdf\" data-target=\"_blank\"><img decoding=\"async\" src=\"https:\/\/termotecnica.com.co\/wp-content\/uploads\/2024\/03\/icono-PDF.png\" alt=\"\"><\/span><span class=\"u-file-icon u-file-link u-hidden-xs u-icon u-icon-15\" data-href=\"https:\/\/termotecnica.com.co\/wp\/wp-content\/uploads\/2024\/10\/RLACO01CodigodeEticaRev.1.pdf\" title=\"iso_9001-pdf\" data-target=\"_blank\"><img decoding=\"async\" src=\"https:\/\/termotecnica.com.co\/wp-content\/uploads\/2024\/03\/icono-PDF.png\" alt=\"\"><\/span>\n      <\/div>\n    <\/section>\n    <section class=\"u-align-center u-clearfix u-section-4\" id=\"carousel_bb0a\">\n      <div class=\"u-clearfix u-sheet u-sheet-1\">\n        <div class=\"u-expanded-width-md u-expanded-width-sm u-expanded-width-xs u-table u-table-responsive u-table-1\">\n          <table class=\"u-table-entity u-table-entity-1\">\n            <colgroup>\n              <col width=\"100%\">\n            <\/colgroup>\n            <tbody class=\"u-table-body u-table-body-1\">\n              <tr style=\"height: 70px;\">\n                <td class=\"u-border-1 u-border-grey-30 u-table-cell u-white u-table-cell-1\"><\/td>\n              <\/tr>\n            <\/tbody>\n          <\/table>\n        <\/div>\n        <a class=\"u-active-none u-border-none u-btn u-button-link u-button-style u-file-link u-hover-none u-none u-text-palette-1-base u-btn-1\" href=\"https:\/\/termotecnica.com.co\/wp-content\/uploads\/2025\/05\/HSEQPT01PoliticaHSEQRev.6.pdf\" target=\"_blank\"> Poli\u0301tica de Stop Of Works <\/a><span class=\"u-file-icon u-file-link u-hidden-xs u-icon u-icon-1\" data-href=\"https:\/\/termotecnica.com.co\/wp-content\/uploads\/2025\/05\/HSEQPT07PoliticadeStopOfWorksRev.5.pdf\" title=\"iso_9001-pdf\" data-target=\"_blank\"><img decoding=\"async\" src=\"https:\/\/termotecnica.com.co\/wp-content\/uploads\/2024\/03\/icono-PDF.png\" alt=\"\"><\/span>\n      <\/div>\n    <\/section>\n    \n    \n    \n  \n","protected":false},"excerpt":{"rendered":"<p>Pol\u00edticas Corporativas Previous Siguiente Pol\u00edtica HSEQ Prevenci\u00f3n Alcohol, Tabaco&nbsp;y&nbsp;Sustancias Psico Pol\u00edtica de Seguridad Vial Pol\u00edtica de Cero Tolerancia Derechos humanos y&nbsp;relaci\u00f3n comunidades Pol\u00edtica de Dotaci\u00f3n y EPI&nbsp; Pol\u00edtica de Gesti\u00f3n del Riesgo&nbsp;y Emergencias&nbsp; Pol\u00edtica de Prevenci\u00f3n del&nbsp;Acoso Laboral Desconexi\u00f3n Laboral Pol\u00edtica de \u00c1reas Seguras Pol\u00edtica de Habeas Data Pol\u00edtica PTEE Pol\u00edtica de Sagrilaft Pol\u00edtica de &hellip; <a href=\"https:\/\/termotecnica.com.co\/index.php\/politicas-corporativas\/\" class=\"more-link\">Continue reading<span class=\"screen-reader-text\"> \u00abPoliticas Corporativas\u00bb<\/span><\/a><\/p>\n","protected":false},"author":1,"featured_media":0,"parent":0,"menu_order":0,"comment_status":"closed","ping_status":"closed","template":"","meta":{"footnotes":""},"_links":{"self":[{"href":"https:\/\/termotecnica.com.co\/index.php\/wp-json\/wp\/v2\/pages\/1404"}],"collection":[{"href":"https:\/\/termotecnica.com.co\/index.php\/wp-json\/wp\/v2\/pages"}],"about":[{"href":"https:\/\/termotecnica.com.co\/index.php\/wp-json\/wp\/v2\/types\/page"}],"author":[{"embeddable":true,"href":"https:\/\/termotecnica.com.co\/index.php\/wp-json\/wp\/v2\/users\/1"}],"replies":[{"embeddable":true,"href":"https:\/\/termotecnica.com.co\/index.php\/wp-json\/wp\/v2\/comments?post=1404"}],"version-history":[{"count":34,"href":"https:\/\/termotecnica.com.co\/index.php\/wp-json\/wp\/v2\/pages\/1404\/revisions"}],"predecessor-version":[{"id":1717,"href":"https:\/\/termotecnica.com.co\/index.php\/wp-json\/wp\/v2\/pages\/1404\/revisions\/1717"}],"wp:attachment":[{"href":"https:\/\/termotecnica.com.co\/index.php\/wp-json\/wp\/v2\/media?parent=1404"}],"curies":[{"name":"wp","href":"https:\/\/api.w.org\/{rel}","templated":true}]}}