{"id":1126,"date":"2024-07-11T00:23:27","date_gmt":"2024-07-10T22:23:27","guid":{"rendered":"https:\/\/termotecnica.com.co\/wp\/?page_id=1126"},"modified":"2025-03-03T08:45:36","modified_gmt":"2025-03-03T13:45:36","slug":"proyecto15","status":"publish","type":"page","link":"https:\/\/termotecnica.com.co\/index.php\/proyecto15\/","title":{"rendered":"proyecto15"},"content":{"rendered":"\n  \n    \n    <section class=\"u-carousel u-slide u-block-ebbf-1\" id=\"carousel-f1b8\" data-interval=\"5000\" data-u-ride=\"carousel\">\n      <ol class=\"u-absolute-hcenter u-carousel-indicators u-block-ebbf-2\">\n        <li data-u-target=\"#carousel-f1b8\" class=\"u-active u-grey-30\" data-u-slide-to=\"0\"><\/li>\n      <\/ol>\n      <div class=\"u-carousel-inner\" role=\"listbox\">\n        <div class=\"custom-expanded u-active u-align-center u-carousel-item u-clearfix u-image u-shading u-section-2-1\" data-image-width=\"1280\" data-image-height=\"959\" style=\"background-image: linear-gradient(0deg, rgba(41, 45, 51, 0.6), rgba(41, 45, 51, 0.6)), url(&quot;https:\/\/termotecnica.com.co\/wp-content\/uploads\/2024\/07\/HOCOL3.jpeg&quot;);\">\n          <div class=\"u-clearfix u-sheet u-valign-middle u-sheet-1\">\n            <h3 class=\"u-align-left u-text u-text-default u-text-1\"> Hocol Tanques en COF Ocelote<br>\n              <span style=\"font-size: 20px;\">Oil &amp; Gas<\/span>\n              <br>\n            <\/h3>\n          <\/div>\n        <\/div>\n      <\/div>\n      <a class=\"u-absolute-vcenter u-carousel-control u-carousel-control-prev u-hidden u-text-grey-30 u-block-ebbf-3\" href=\"#carousel-f1b8\" role=\"button\" data-u-slide=\"prev\">\n        <span aria-hidden=\"true\">\n          <svg class=\"u-svg-link\" viewBox=\"0 0 477.175 477.175\"><path d=\"M145.188,238.575l215.5-215.5c5.3-5.3,5.3-13.8,0-19.1s-13.8-5.3-19.1,0l-225.1,225.1c-5.3,5.3-5.3,13.8,0,19.1l225.1,225\n                    c2.6,2.6,6.1,4,9.5,4s6.9-1.3,9.5-4c5.3-5.3,5.3-13.8,0-19.1L145.188,238.575z\"><\/path><\/svg>\n        <\/span>\n        <span class=\"sr-only\">Previous<\/span>\n      <\/a>\n      <a class=\"u-absolute-vcenter u-carousel-control u-carousel-control-next u-hidden u-text-grey-30 u-block-ebbf-4\" href=\"#carousel-f1b8\" role=\"button\" data-u-slide=\"next\">\n        <span aria-hidden=\"true\">\n          <svg class=\"u-svg-link\" viewBox=\"0 0 477.175 477.175\"><path d=\"M360.731,229.075l-225.1-225.1c-5.3-5.3-13.8-5.3-19.1,0s-5.3,13.8,0,19.1l215.5,215.5l-215.5,215.5\n                    c-5.3,5.3-5.3,13.8,0,19.1c2.6,2.6,6.1,4,9.5,4c3.4,0,6.9-1.3,9.5-4l225.1-225.1C365.931,242.875,365.931,234.275,360.731,229.075z\"><\/path><\/svg>\n        <\/span>\n        <span class=\"sr-only\">Siguiente<\/span>\n      <\/a>\n    <\/section>\n    <section class=\"u-clearfix u-image u-section-3\" id=\"sec-aca3\" data-image-width=\"1140\" data-image-height=\"341\" style=\"background-image: url(&quot;https:\/\/termotecnica.com.co\/wp-content\/uploads\/2024\/02\/fondobloque3.png&quot;);\">\n      <div class=\"u-clearfix u-sheet u-sheet-1\">\n        <div class=\"custom-expanded data-layout-selected u-clearfix u-gutter-0 u-layout-wrap u-layout-wrap-1\">\n          <div class=\"u-gutter-0 u-layout\">\n            <div class=\"u-layout-row\">\n              <div class=\"u-size-10-lg u-size-10-xl u-size-29-sm u-size-29-xs u-size-60-md\">\n                <div class=\"u-layout-row\">\n                  <div class=\"u-align-left u-container-style u-grey-5 u-layout-cell u-right-cell u-size-60 u-layout-cell-1\">\n                    <div class=\"u-container-layout u-container-layout-1\"><\/div>\n                  <\/div>\n                <\/div>\n              <\/div>\n              <div class=\"u-size-31-sm u-size-31-xs u-size-50-lg u-size-50-xl u-size-60-md\">\n                <div class=\"u-layout-col\">\n                  <div class=\"u-size-40\">\n                    <div class=\"u-layout-row\">\n                      <div class=\"u-align-left u-container-style u-effect-hover-zoom u-hover-feature u-layout-cell u-left-cell u-size-60 u-layout-cell-2\" src=\"\" data-image-width=\"1287\" data-image-height=\"457\" data-animation-out=\"0\">\n                        <div class=\"u-background-effect u-expanded\">\n                          <div class=\"u-background-effect-image u-expanded u-image u-image-1\" data-image-width=\"1335\" data-image-height=\"871\" style=\"background-image: url(&quot;https:\/\/termotecnica.com.co\/wp-content\/uploads\/2025\/03\/hovol1.jpg&quot;);\"><\/div>\n                        <\/div>\n                        <div class=\"u-container-layout u-valign-middle u-container-layout-2\" src=\"\"><\/div>\n                      <\/div>\n                    <\/div>\n                  <\/div>\n                  <div class=\"u-size-20\">\n                    <div class=\"u-layout-row\">\n                      <div class=\"u-align-left u-container-style u-effect-hover-zoom u-layout-cell u-size-20 u-layout-cell-3\" src=\"\" data-image-width=\"650\" data-image-height=\"433\">\n                        <div class=\"u-background-effect u-expanded\">\n                          <div class=\"u-background-effect-image u-expanded u-image u-image-2\" data-image-width=\"1280\" data-image-height=\"720\" style=\"background-image: url(&quot;https:\/\/termotecnica.com.co\/wp-content\/uploads\/2025\/03\/hocol4.jpg&quot;);\"><\/div>\n                        <\/div>\n                        <div class=\"u-container-layout u-valign-middle u-container-layout-3\" src=\"\"><\/div>\n                      <\/div>\n                      <div class=\"u-container-align-center u-container-style u-effect-hover-zoom u-layout-cell u-size-20 u-layout-cell-4\" data-image-width=\"1920\" data-image-height=\"700\">\n                        <div class=\"u-background-effect u-expanded\">\n                          <div class=\"u-background-effect-image u-expanded u-image u-image-3\" data-image-width=\"652\" data-image-height=\"424\" style=\"background-image: url(&quot;https:\/\/termotecnica.com.co\/wp-content\/uploads\/2025\/03\/hocol5.png&quot;);\"><\/div>\n                        <\/div>\n                        <div class=\"u-container-layout u-container-layout-4\"><\/div>\n                      <\/div>\n                      <div class=\"u-align-left u-container-style u-effect-hover-zoom u-layout-cell u-left-cell u-size-20 u-layout-cell-5\" src=\"\" data-image-width=\"800\" data-image-height=\"800\">\n                        <div class=\"u-background-effect u-expanded\">\n                          <div class=\"u-background-effect-image u-expanded u-image u-image-4\" data-image-width=\"434\" data-image-height=\"620\" style=\"background-image: url(&quot;https:\/\/termotecnica.com.co\/wp-content\/uploads\/2025\/03\/hocol6.jpg&quot;);\"><\/div>\n                        <\/div>\n                        <div class=\"u-container-layout u-valign-middle u-container-layout-5\" src=\"\"><\/div>\n                      <\/div>\n                    <\/div>\n                  <\/div>\n                <\/div>\n              <\/div>\n            <\/div>\n          <\/div>\n        <\/div>\n      <\/div>\n      \n    <\/section>\n    <section class=\"u-clearfix u-grey-5 u-section-4\" id=\"sec-6615\">\n      <div class=\"u-clearfix u-sheet u-sheet-1\">\n        <h3 class=\"u-text u-text-1\">Descripci\u00f3n del Proyecto<\/h3>\n        <p class=\"u-align-justify u-text u-text-2\">\n          <span style=\"font-weight: 700;\"> Hocol Tanques en COF Ocelote<\/span>\n          <br> Construcci\u00f3n de tanques de tratamiento y obras civiles, de tuber\u00eda, mec\u00e1nica, el\u00e9ctrica, instrumentaci\u00f3n y control requeridas para incrementar la capacidad de manejo de fluidos a 360kbfpd+ en el CPF Ocelote \n        <\/p>\n      <\/div>\n    <\/section>\n    <section class=\"u-align-center u-clearfix u-grey-5 u-section-5\" id=\"sec-d60a\">\n      <div class=\"u-clearfix u-sheet u-sheet-1\">\n        <div class=\"custom-expanded u-table u-table-responsive u-table-1\">\n          <table class=\"u-table-entity u-table-entity-1\">\n            <colgroup>\n              <col width=\"50%\">\n              <col width=\"50%\">\n            <\/colgroup>\n            <tbody class=\"u-table-alt-grey-5 u-table-body\">\n              <tr style=\"height: 75px;\">\n                <td class=\"u-border-1 u-border-grey-15 u-first-column u-grey-10 u-table-cell u-table-cell-1\">Sector del Proyecto<\/td>\n                <td class=\"u-border-1 u-border-grey-15 u-grey-10 u-table-cell u-table-cell-2\">Oil &amp; Gas<\/td>\n              <\/tr>\n              <tr style=\"height: 76px;\">\n                <td class=\"u-border-1 u-border-grey-15 u-first-column u-table-cell u-white u-table-cell-3\">Cliente<\/td>\n                <td class=\"u-border-1 u-border-grey-15 u-table-cell u-white\"> HOCOL<\/td>\n              <\/tr>\n              <tr style=\"height: 76px;\">\n                <td class=\"u-border-1 u-border-grey-15 u-first-column u-grey-10 u-table-cell u-table-cell-5\">Fecha de terminaci\u00f3n<\/td>\n                <td class=\"u-border-1 u-border-grey-15 u-grey-10 u-table-cell u-table-cell-6\">En Ejecuci\u00f3n<\/td>\n              <\/tr>\n              <tr style=\"height: 76px;\">\n                <td class=\"u-border-1 u-border-grey-15 u-first-column u-table-cell u-white u-table-cell-7\">Ubicaci\u00f3n&nbsp;<\/td>\n                <td class=\"u-border-1 u-border-grey-15 u-table-cell u-white\"> Puerto Gait\u00e1n, Meta<\/td>\n              <\/tr>\n            <\/tbody>\n          <\/table>\n        <\/div>\n      <\/div>\n    <\/section>\n    \n    \n    \n  \n","protected":false},"excerpt":{"rendered":"<p>Hocol Tanques en COF Ocelote Oil &amp; Gas Previous Siguiente Descripci\u00f3n del Proyecto Hocol Tanques en COF Ocelote Construcci\u00f3n de tanques de tratamiento y obras civiles, de tuber\u00eda, mec\u00e1nica, el\u00e9ctrica, instrumentaci\u00f3n y control requeridas para incrementar la capacidad de manejo de fluidos a 360kbfpd+ en el CPF Ocelote Sector del Proyecto Oil &amp; Gas Cliente &hellip; <a href=\"https:\/\/termotecnica.com.co\/index.php\/proyecto15\/\" class=\"more-link\">Continue reading<span class=\"screen-reader-text\"> \u00abproyecto15\u00bb<\/span><\/a><\/p>\n","protected":false},"author":1,"featured_media":0,"parent":0,"menu_order":0,"comment_status":"closed","ping_status":"closed","template":"","meta":{"footnotes":""},"_links":{"self":[{"href":"https:\/\/termotecnica.com.co\/index.php\/wp-json\/wp\/v2\/pages\/1126"}],"collection":[{"href":"https:\/\/termotecnica.com.co\/index.php\/wp-json\/wp\/v2\/pages"}],"about":[{"href":"https:\/\/termotecnica.com.co\/index.php\/wp-json\/wp\/v2\/types\/page"}],"author":[{"embeddable":true,"href":"https:\/\/termotecnica.com.co\/index.php\/wp-json\/wp\/v2\/users\/1"}],"replies":[{"embeddable":true,"href":"https:\/\/termotecnica.com.co\/index.php\/wp-json\/wp\/v2\/comments?post=1126"}],"version-history":[{"count":6,"href":"https:\/\/termotecnica.com.co\/index.php\/wp-json\/wp\/v2\/pages\/1126\/revisions"}],"predecessor-version":[{"id":1168,"href":"https:\/\/termotecnica.com.co\/index.php\/wp-json\/wp\/v2\/pages\/1126\/revisions\/1168"}],"wp:attachment":[{"href":"https:\/\/termotecnica.com.co\/index.php\/wp-json\/wp\/v2\/media?parent=1126"}],"curies":[{"name":"wp","href":"https:\/\/api.w.org\/{rel}","templated":true}]}}