{"id":1105,"date":"2024-07-10T18:47:08","date_gmt":"2024-07-10T16:47:08","guid":{"rendered":"https:\/\/termotecnica.com.co\/wp\/?page_id=1105"},"modified":"2024-10-22T09:12:31","modified_gmt":"2024-10-22T14:12:31","slug":"inclusion","status":"publish","type":"page","link":"https:\/\/termotecnica.com.co\/index.php\/inclusion\/","title":{"rendered":"Inclusi\u00f3n"},"content":{"rendered":"\n  \n    \n    <section class=\"u-carousel u-slide u-block-87e0-1\" id=\"carousel-7387\" data-interval=\"5000\" data-u-ride=\"carousel\">\n      <ol class=\"u-absolute-hcenter u-carousel-indicators u-block-87e0-2\">\n        <li data-u-target=\"#carousel-7387\" class=\"u-active u-grey-30\" data-u-slide-to=\"0\"><\/li>\n      <\/ol>\n      <div class=\"u-carousel-inner\" role=\"listbox\">\n        <div class=\"u-active u-align-center u-carousel-item u-clearfix u-image u-shading u-section-2-1\" data-image-width=\"680\" data-image-height=\"330\" style=\"background-image: linear-gradient(0deg, rgba(0, 0, 0, 0.6), rgba(0, 0, 0, 0.6)), url(&quot;https:\/\/termotecnica.com.co\/wp-content\/uploads\/2024\/02\/Mision4.jpg&quot;);\">\n          <div class=\"u-clearfix u-sheet u-valign-middle u-sheet-1\">\n            <h3 class=\"u-align-center u-text u-text-default u-text-1\"> Inclusi\u00f3n y Equidad de g\u00e9nero<\/h3>\n          <\/div>\n        <\/div>\n      <\/div>\n      <a class=\"u-absolute-vcenter u-carousel-control u-carousel-control-prev u-hidden u-text-grey-30 u-block-87e0-3\" href=\"#carousel-7387\" role=\"button\" data-u-slide=\"prev\">\n        <span aria-hidden=\"true\">\n          <svg class=\"u-svg-link\" viewBox=\"0 0 477.175 477.175\"><path d=\"M145.188,238.575l215.5-215.5c5.3-5.3,5.3-13.8,0-19.1s-13.8-5.3-19.1,0l-225.1,225.1c-5.3,5.3-5.3,13.8,0,19.1l225.1,225\n                    c2.6,2.6,6.1,4,9.5,4s6.9-1.3,9.5-4c5.3-5.3,5.3-13.8,0-19.1L145.188,238.575z\"><\/path><\/svg>\n        <\/span>\n        <span class=\"sr-only\">Previous<\/span>\n      <\/a>\n      <a class=\"u-absolute-vcenter u-carousel-control u-carousel-control-next u-hidden u-text-grey-30 u-block-87e0-4\" href=\"#carousel-7387\" role=\"button\" data-u-slide=\"next\">\n        <span aria-hidden=\"true\">\n          <svg class=\"u-svg-link\" viewBox=\"0 0 477.175 477.175\"><path d=\"M360.731,229.075l-225.1-225.1c-5.3-5.3-13.8-5.3-19.1,0s-5.3,13.8,0,19.1l215.5,215.5l-215.5,215.5\n                    c-5.3,5.3-5.3,13.8,0,19.1c2.6,2.6,6.1,4,9.5,4c3.4,0,6.9-1.3,9.5-4l225.1-225.1C365.931,242.875,365.931,234.275,360.731,229.075z\"><\/path><\/svg>\n        <\/span>\n        <span class=\"sr-only\">Siguiente<\/span>\n      <\/a>\n    <\/section>\n    <section class=\"u-clearfix u-color-scheme-u10 u-section-3\" id=\"carousel_de8e\">\n      <div class=\"u-clearfix u-sheet u-sheet-1\">\n        <div class=\"data-layout-selected u-clearfix u-expanded-width u-grey-5 u-gutter-0 u-layout-wrap u-layout-wrap-1\">\n          <div class=\"u-gutter-0 u-layout\">\n            <div class=\"u-layout-row\">\n              <div class=\"u-container-align-left u-container-style u-layout-cell u-size-60 u-layout-cell-1\">\n                <div class=\"u-container-layout u-container-layout-1\">\n                  <p class=\"u-align-justify u-text u-text-1\"> Creamos un entorno inclusivo en el cual\nnuestros colaboradores pueden sentir y desarrollarse libremente en un entorno\nde equidad. Estamos comprometidos con la equidad de genero para dar a la mujer\ny la oportunidad de desarrollar su actividad laboral en los sectores en los\ncuales desarrollamos los proyectos para nuestros clientes.<\/p>\n                <\/div>\n              <\/div>\n            <\/div>\n          <\/div>\n        <\/div>\n      <\/div>\n    <\/section>\n    <section class=\"u-clearfix u-section-4\" id=\"sec-17ec\">\n      <div class=\"u-clearfix u-sheet u-valign-middle u-sheet-1\">\n        <h4 class=\"u-text u-text-default u-text-1\"> Mujer en la Construcci\u00f3n: Historias de Inclusi\u00f3n y \u00c9xito.<\/h4>\n        <div class=\"custom-expanded u-uploaded-video u-video u-video-1\">\n          <div class=\"embed-responsive\">\n            <video class=\"embed-responsive-item\">\n              <source src=\"https:\/\/termotecnica.com.co\/wp-content\/uploads\/2024\/06\/Video_Contratac_M.O_Femeninaweb11.mp4\" type=\"video\/mp4\">\n              <p>Your browser does not support HTML5 video.<\/p>\n            <\/video>\n            <button class=\"u-video-poster\"><\/button>\n          <\/div>\n        <\/div>\n      <\/div>\n    <\/section>\n    \n    \n    \n  \n","protected":false},"excerpt":{"rendered":"<p>Inclusi\u00f3n y Equidad de g\u00e9nero Previous Siguiente Creamos un entorno inclusivo en el cual nuestros colaboradores pueden sentir y desarrollarse libremente en un entorno de equidad. Estamos comprometidos con la equidad de genero para dar a la mujer y la oportunidad de desarrollar su actividad laboral en los sectores en los cuales desarrollamos los proyectos &hellip; <a href=\"https:\/\/termotecnica.com.co\/index.php\/inclusion\/\" class=\"more-link\">Continue reading<span class=\"screen-reader-text\"> \u00abInclusi\u00f3n\u00bb<\/span><\/a><\/p>\n","protected":false},"author":1,"featured_media":0,"parent":0,"menu_order":0,"comment_status":"closed","ping_status":"closed","template":"","meta":{"footnotes":""},"_links":{"self":[{"href":"https:\/\/termotecnica.com.co\/index.php\/wp-json\/wp\/v2\/pages\/1105"}],"collection":[{"href":"https:\/\/termotecnica.com.co\/index.php\/wp-json\/wp\/v2\/pages"}],"about":[{"href":"https:\/\/termotecnica.com.co\/index.php\/wp-json\/wp\/v2\/types\/page"}],"author":[{"embeddable":true,"href":"https:\/\/termotecnica.com.co\/index.php\/wp-json\/wp\/v2\/users\/1"}],"replies":[{"embeddable":true,"href":"https:\/\/termotecnica.com.co\/index.php\/wp-json\/wp\/v2\/comments?post=1105"}],"version-history":[{"count":5,"href":"https:\/\/termotecnica.com.co\/index.php\/wp-json\/wp\/v2\/pages\/1105\/revisions"}],"predecessor-version":[{"id":1509,"href":"https:\/\/termotecnica.com.co\/index.php\/wp-json\/wp\/v2\/pages\/1105\/revisions\/1509"}],"wp:attachment":[{"href":"https:\/\/termotecnica.com.co\/index.php\/wp-json\/wp\/v2\/media?parent=1105"}],"curies":[{"name":"wp","href":"https:\/\/api.w.org\/{rel}","templated":true}]}}