{"id":1101,"date":"2024-07-10T18:47:32","date_gmt":"2024-07-10T16:47:32","guid":{"rendered":"https:\/\/termotecnica.com.co\/wp\/?page_id=1101"},"modified":"2024-10-22T09:09:57","modified_gmt":"2024-10-22T14:09:57","slug":"seguridad-y-salud","status":"publish","type":"page","link":"https:\/\/termotecnica.com.co\/index.php\/seguridad-y-salud\/","title":{"rendered":"Seguridad y Salud"},"content":{"rendered":"\n  \n    \n    <section class=\"u-carousel u-slide u-block-e590-1\" id=\"carousel-4022\" data-interval=\"5000\" data-u-ride=\"carousel\">\n      <ol class=\"u-absolute-hcenter u-carousel-indicators u-block-e590-2\">\n        <li data-u-target=\"#carousel-4022\" class=\"u-active u-grey-30\" data-u-slide-to=\"0\"><\/li>\n      <\/ol>\n      <div class=\"u-carousel-inner\" role=\"listbox\">\n        <div class=\"u-active u-align-center u-carousel-item u-clearfix u-image u-shading u-section-2-1\" data-image-width=\"680\" data-image-height=\"330\" style=\"background-image: linear-gradient(0deg, rgba(0, 0, 0, 0.6), rgba(0, 0, 0, 0.6)), url(&quot;https:\/\/termotecnica.com.co\/wp-content\/uploads\/2024\/02\/Mision4.jpg&quot;);\">\n          <div class=\"u-clearfix u-sheet u-valign-middle u-sheet-1\">\n            <h3 class=\"u-align-center u-text u-text-default u-text-1\"> Seguridad y Salud en el Trabajo<\/h3>\n          <\/div>\n        <\/div>\n      <\/div>\n      <a class=\"u-absolute-vcenter u-carousel-control u-carousel-control-prev u-hidden u-text-grey-30 u-block-e590-3\" href=\"#carousel-4022\" role=\"button\" data-u-slide=\"prev\">\n        <span aria-hidden=\"true\">\n          <svg class=\"u-svg-link\" viewBox=\"0 0 477.175 477.175\"><path d=\"M145.188,238.575l215.5-215.5c5.3-5.3,5.3-13.8,0-19.1s-13.8-5.3-19.1,0l-225.1,225.1c-5.3,5.3-5.3,13.8,0,19.1l225.1,225\n                    c2.6,2.6,6.1,4,9.5,4s6.9-1.3,9.5-4c5.3-5.3,5.3-13.8,0-19.1L145.188,238.575z\"><\/path><\/svg>\n        <\/span>\n        <span class=\"sr-only\">Previous<\/span>\n      <\/a>\n      <a class=\"u-absolute-vcenter u-carousel-control u-carousel-control-next u-hidden u-text-grey-30 u-block-e590-4\" href=\"#carousel-4022\" role=\"button\" data-u-slide=\"next\">\n        <span aria-hidden=\"true\">\n          <svg class=\"u-svg-link\" viewBox=\"0 0 477.175 477.175\"><path d=\"M360.731,229.075l-225.1-225.1c-5.3-5.3-13.8-5.3-19.1,0s-5.3,13.8,0,19.1l215.5,215.5l-215.5,215.5\n                    c-5.3,5.3-5.3,13.8,0,19.1c2.6,2.6,6.1,4,9.5,4c3.4,0,6.9-1.3,9.5-4l225.1-225.1C365.931,242.875,365.931,234.275,360.731,229.075z\"><\/path><\/svg>\n        <\/span>\n        <span class=\"sr-only\">Siguiente<\/span>\n      <\/a>\n    <\/section>\n    <section class=\"u-clearfix u-color-scheme-u10 u-container-align-center u-section-3\" id=\"sec-3829\">\n      <div class=\"u-clearfix u-sheet u-sheet-1\">\n        <div class=\"data-layout-selected u-clearfix u-expanded-width u-grey-5 u-gutter-0 u-layout-wrap u-layout-wrap-1\">\n          <div class=\"u-gutter-0 u-layout\">\n            <div class=\"u-layout-row\">\n              <div class=\"u-container-align-left u-container-style u-layout-cell u-size-60 u-layout-cell-1\">\n                <div class=\"u-container-layout u-container-layout-1\">\n                  <p class=\"u-align-justify u-text u-text-1\"> Nuestro\ncompromiso es brindar entornos y operaciones seguras en donde los peligros\nest\u00e9n identificados, los riesgos controlados y mediante capacitaci\u00f3n generemos\ncompetencia y cultura de seguridad, colocando en primer lugar la vida y la\nseguridad de nuestros colaboradores y sus n\u00facleos familiares que siempre nos\nesperan en casa.<\/p>\n                <\/div>\n              <\/div>\n            <\/div>\n          <\/div>\n        <\/div>\n      <\/div>\n    <\/section>\n    <section class=\"u-align-center u-clearfix u-section-4\" id=\"sec-49a1\">\n      <div class=\"u-clearfix u-sheet u-sheet-1\">\n        <div class=\"u-carousel u-gallery u-layout-carousel u-lightbox u-no-transition u-show-text-always u-gallery-1\" data-interval=\"5000\" data-u-ride=\"carousel\" id=\"carousel-aa59\">\n          <ol class=\"u-absolute-hcenter u-carousel-indicators u-carousel-indicators-1\">\n            <li data-u-target=\"#carousel-aa59\" data-u-slide-to=\"0\" class=\"u-active u-grey-70 u-shape-circle\" style=\"width: 10px; height: 10px;\"><\/li>\n            <li data-u-target=\"#carousel-aa59\" data-u-slide-to=\"1\" class=\"u-grey-70 u-shape-circle\" style=\"width: 10px; height: 10px;\"><\/li>\n            <li data-u-target=\"#carousel-aa59\" data-u-slide-to=\"2\" class=\"u-grey-70 u-shape-circle\" style=\"width: 10px; height: 10px;\"><\/li>\n            <li data-u-target=\"#carousel-aa59\" data-u-slide-to=\"3\" class=\"u-grey-70 u-shape-circle\" style=\"width: 10px; height: 10px;\"><\/li>\n            <li data-u-target=\"#carousel-aa59\" data-u-slide-to=\"4\" class=\"u-grey-70 u-shape-circle\" style=\"width: 10px; height: 10px;\"><\/li>\n          <\/ol>\n          <div class=\"u-carousel-inner u-gallery-inner\" role=\"listbox\">\n            <div class=\"u-active u-carousel-item u-gallery-item\">\n              <div class=\"u-back-slide\" data-image-width=\"1600\" data-image-height=\"1200\">\n                <img decoding=\"async\" class=\"u-back-image u-expanded u-back-image-1\" src=\"https:\/\/termotecnica.com.co\/wp-content\/uploads\/2024\/07\/Foto1-2-rotated.jpeg\">\n              <\/div>\n              <div class=\"u-container-align-left u-grey-90 u-over-slide u-valign-middle u-over-slide-1\">\n                <h3 class=\"u-align-left u-gallery-heading\" style=\"margin-left: 0px; margin-right: auto;\">Nuestro programa de trabajo en SST<\/h3>\n                <p class=\"u-align-left u-gallery-text\" style=\"margin-left: 0px; margin-right: auto;\">Cuenta con estrategias de formaci\u00f3n de Prevenci\u00f3n l\u00fadico-educativa y did\u00e1ctica, desarrollando experiencias de alto impacto en nuestros colaboradores para el cambio del comportamiento inseguro en su vida diaria y su rol laboral.<\/p>\n              <\/div>\n            <\/div>\n            <div class=\"u-carousel-item u-gallery-item\">\n              <div class=\"u-back-slide\" data-image-width=\"768\" data-image-height=\"1024\">\n                <img decoding=\"async\" class=\"u-back-image u-expanded\" src=\"https:\/\/termotecnica.com.co\/wp-content\/uploads\/2024\/07\/Foto2-1.jpeg\">\n              <\/div>\n              <div class=\"u-container-align-left u-grey-90 u-over-slide u-valign-middle u-over-slide-2\">\n                <h3 class=\"u-align-left u-gallery-heading\" style=\"margin-left: 0px; margin-right: auto;\">Formaci\u00f3n a nuestro personal<\/h3>\n                <p class=\"u-align-left u-gallery-text\" style=\"margin-left: 0px; margin-right: auto;\">Para desarrollar competencias preventivas y reactivas, estando preparados para dar una respuesta adecuada ante posibles eventos adversos y de emergencia que se puedan presentar en nuestro personal o personal con el cual compartimos \u00e1reas de trabajo.<\/p>\n              <\/div>\n            <\/div>\n            <div class=\"u-carousel-item u-gallery-item\" data-image-width=\"1280\" data-image-height=\"720\">\n              <div class=\"u-back-slide\">\n                <img decoding=\"async\" class=\"u-back-image u-expanded\" src=\"https:\/\/termotecnica.com.co\/wp-content\/uploads\/2024\/07\/Foto3.jpeg\">\n              <\/div>\n              <div class=\"u-container-align-left u-grey-90 u-over-slide u-valign-middle u-over-slide-3\">\n                <p class=\"u-align-left u-gallery-text\" style=\"margin-left: 0px; margin-right: auto;\">D\u00eda a d\u00eda divulgamos los roles, riesgos y controles que debemos tener a cada persona de nuestro equipo de trabajo, logrando claridad en la forma en que debemos actuar para hacer nuestra actividad laboral en forma segura, guardando nuestra seguridad y la integridad de los equipos y las instalaciones de nuestros clientes.<\/p>\n              <\/div>\n              <style data-mode=\"XL\"><\/style>\n              <style data-mode=\"LG\"><\/style>\n              <style data-mode=\"MD\"><\/style>\n              <style data-mode=\"SM\"><\/style>\n              <style data-mode=\"XS\"><\/style>\n            <\/div>\n            <div class=\"u-carousel-item u-gallery-item\" data-image-width=\"1280\" data-image-height=\"958\">\n              <div class=\"u-back-slide\">\n                <img decoding=\"async\" class=\"u-back-image u-expanded\" src=\"https:\/\/termotecnica.com.co\/wp-content\/uploads\/2024\/07\/Foto4.jpeg\">\n              <\/div>\n              <div class=\"u-container-align-left u-grey-90 u-over-slide u-valign-middle u-over-slide-4\">\n                <p class=\"u-align-left u-gallery-text\" style=\"margin-left: 0px; margin-right: auto;\">El desarrollo de campa\u00f1a de prevenci\u00f3n de accidentes en tareas de alto riesgo es parte de nuestro d\u00eda a d\u00eda y nuestro ADN, logrando la atenci\u00f3n (mente y ojos en la tarea) en cada una de nuestras actividades.<\/p>\n              <\/div>\n              <style data-mode=\"XL\"><\/style>\n              <style data-mode=\"LG\"><\/style>\n              <style data-mode=\"MD\"><\/style>\n              <style data-mode=\"SM\"><\/style>\n              <style data-mode=\"XS\"><\/style>\n            <\/div>\n            <div class=\"u-carousel-item u-gallery-item\" data-image-width=\"1280\" data-image-height=\"719\">\n              <div class=\"u-back-slide\">\n                <img decoding=\"async\" class=\"u-back-image u-expanded\" src=\"https:\/\/termotecnica.com.co\/wp-content\/uploads\/2024\/07\/Foto5.jpeg\">\n              <\/div>\n              <div class=\"u-container-align-left u-grey-90 u-over-slide u-valign-middle u-over-slide-5\">\n                <p class=\"u-align-left u-gallery-text\" style=\"margin-left: 0px; margin-right: auto;\">Reconocemos y celebramos como compa\u00f1\u00eda el cumplimiento de nuestras metas y objetivos reconociendo e incentivando en cada uno de nuestros trabajadores la disciplina operativa en la cual HSEQ somos todos!<\/p>\n              <\/div>\n              <style data-mode=\"XL\"><\/style>\n              <style data-mode=\"LG\"><\/style>\n              <style data-mode=\"MD\"><\/style>\n              <style data-mode=\"SM\"><\/style>\n              <style data-mode=\"XS\"><\/style>\n            <\/div>\n          <\/div>\n          <a class=\"u-absolute-vcenter u-carousel-control u-carousel-control-prev u-grey-70 u-icon-circle u-opacity u-opacity-70 u-spacing-10 u-text-white u-carousel-control-1\" href=\"#carousel-aa59\" role=\"button\" data-u-slide=\"prev\">\n            <span aria-hidden=\"true\">\n              <svg viewBox=\"0 0 451.847 451.847\"><path d=\"M97.141,225.92c0-8.095,3.091-16.192,9.259-22.366L300.689,9.27c12.359-12.359,32.397-12.359,44.751,0\nc12.354,12.354,12.354,32.388,0,44.748L173.525,225.92l171.903,171.909c12.354,12.354,12.354,32.391,0,44.744\nc-12.354,12.365-32.386,12.365-44.745,0l-194.29-194.281C100.226,242.115,97.141,234.018,97.141,225.92z\"><\/path><\/svg>\n            <\/span>\n            <span class=\"sr-only\">\n              <svg viewBox=\"0 0 451.847 451.847\"><path d=\"M97.141,225.92c0-8.095,3.091-16.192,9.259-22.366L300.689,9.27c12.359-12.359,32.397-12.359,44.751,0\nc12.354,12.354,12.354,32.388,0,44.748L173.525,225.92l171.903,171.909c12.354,12.354,12.354,32.391,0,44.744\nc-12.354,12.365-32.386,12.365-44.745,0l-194.29-194.281C100.226,242.115,97.141,234.018,97.141,225.92z\"><\/path><\/svg>\n            <\/span>\n          <\/a>\n          <a class=\"u-absolute-vcenter u-carousel-control u-carousel-control-next u-grey-70 u-icon-circle u-opacity u-opacity-70 u-spacing-10 u-text-white u-carousel-control-2\" href=\"#carousel-aa59\" role=\"button\" data-u-slide=\"next\">\n            <span aria-hidden=\"true\">\n              <svg viewBox=\"0 0 451.846 451.847\"><path d=\"M345.441,248.292L151.154,442.573c-12.359,12.365-32.397,12.365-44.75,0c-12.354-12.354-12.354-32.391,0-44.744\nL278.318,225.92L106.409,54.017c-12.354-12.359-12.354-32.394,0-44.748c12.354-12.359,32.391-12.359,44.75,0l194.287,194.284\nc6.177,6.18,9.262,14.271,9.262,22.366C354.708,234.018,351.617,242.115,345.441,248.292z\"><\/path><\/svg>\n            <\/span>\n            <span class=\"sr-only\">\n              <svg viewBox=\"0 0 451.846 451.847\"><path d=\"M345.441,248.292L151.154,442.573c-12.359,12.365-32.397,12.365-44.75,0c-12.354-12.354-12.354-32.391,0-44.744\nL278.318,225.92L106.409,54.017c-12.354-12.359-12.354-32.394,0-44.748c12.354-12.359,32.391-12.359,44.75,0l194.287,194.284\nc6.177,6.18,9.262,14.271,9.262,22.366C354.708,234.018,351.617,242.115,345.441,248.292z\"><\/path><\/svg>\n            <\/span>\n          <\/a>\n        <\/div>\n      <\/div>\n    <\/section>\n    \n    \n    \n  \n","protected":false},"excerpt":{"rendered":"<p>Seguridad y Salud en el Trabajo Previous Siguiente Nuestro compromiso es brindar entornos y operaciones seguras en donde los peligros est\u00e9n identificados, los riesgos controlados y mediante capacitaci\u00f3n generemos competencia y cultura de seguridad, colocando en primer lugar la vida y la seguridad de nuestros colaboradores y sus n\u00facleos familiares que siempre nos esperan en &hellip; <a href=\"https:\/\/termotecnica.com.co\/index.php\/seguridad-y-salud\/\" class=\"more-link\">Continue reading<span class=\"screen-reader-text\"> \u00abSeguridad y Salud\u00bb<\/span><\/a><\/p>\n","protected":false},"author":1,"featured_media":0,"parent":0,"menu_order":0,"comment_status":"closed","ping_status":"closed","template":"","meta":{"footnotes":""},"_links":{"self":[{"href":"https:\/\/termotecnica.com.co\/index.php\/wp-json\/wp\/v2\/pages\/1101"}],"collection":[{"href":"https:\/\/termotecnica.com.co\/index.php\/wp-json\/wp\/v2\/pages"}],"about":[{"href":"https:\/\/termotecnica.com.co\/index.php\/wp-json\/wp\/v2\/types\/page"}],"author":[{"embeddable":true,"href":"https:\/\/termotecnica.com.co\/index.php\/wp-json\/wp\/v2\/users\/1"}],"replies":[{"embeddable":true,"href":"https:\/\/termotecnica.com.co\/index.php\/wp-json\/wp\/v2\/comments?post=1101"}],"version-history":[{"count":7,"href":"https:\/\/termotecnica.com.co\/index.php\/wp-json\/wp\/v2\/pages\/1101\/revisions"}],"predecessor-version":[{"id":1316,"href":"https:\/\/termotecnica.com.co\/index.php\/wp-json\/wp\/v2\/pages\/1101\/revisions\/1316"}],"wp:attachment":[{"href":"https:\/\/termotecnica.com.co\/index.php\/wp-json\/wp\/v2\/media?parent=1101"}],"curies":[{"name":"wp","href":"https:\/\/api.w.org\/{rel}","templated":true}]}}